{"id":11273,"date":"2023-02-15T15:43:49","date_gmt":"2023-02-15T14:43:49","guid":{"rendered":"https:\/\/www.helfterkamp.nl\/erklaerung-zum-datenschutz\/"},"modified":"2026-03-02T09:35:53","modified_gmt":"2026-03-02T08:35:53","slug":"datenschutzerklarung","status":"publish","type":"page","link":"https:\/\/www.helfterkamp.nl\/de\/datenschutzerklarung\/","title":{"rendered":"Datenschutzerklarung"},"content":{"rendered":"<div class=\"wpb-content-wrapper\"><p>[vc_row css=&#8220;.vc_custom_1551279053110{padding-top: 0px !important;}&#8220; el_class=&#8220;paddingbot50&#8243;][vc_column][vc_column_text]<\/p>\n<h1>Datenschutzerkl\u00e4rung<\/h1>\n<p>[\/vc_column_text][vc_column_text el_class=&#8220;marginbot30&#8243;]<\/p>\n<h3>Personenbezogene Daten die wir verarbeiten<\/h3>\n<p>De Helfterkamp kann Ihre personenbezogenen Daten verarbeiten, weil Sie die Dienste von De Helfterkamp f\u00fcr die Erbringung unserer Dienstleistung nutzen und\/oder weil Sie uns diese Daten freiwillig \u00fcber ein Kontakt- oder Reservierungsformular, telefonisch oder per E-Mail mitteilen. De Helfterkamp kann die folgenden personenbezogenen Daten von Ihnen verarbeiten durch die Nutzung der Website (Formulare):<\/p>\n<ul>\n<li>Vor- und Nachname<\/li>\n<li>Adressenangaben: Stra\u00dfe, Hausnummer, Postleitzahl und Wohnort<\/li>\n<li>Kontaktangaben: Telefonnummer und E-Mailadresse<\/li>\n<li>Geburtsdatum und Land Ihres Wohnsitzes<\/li>\n<\/ul>\n<p>[\/vc_column_text][vc_column_text el_class=&#8220;marginbot30&#8243;]<\/p>\n<h3>Warum De Helfterkamp Ihre Angaben ben\u00f6tigt<\/h3>\n<p>De Helfterkamp verarbeitet Ihre personenbezogenen Daten um telefonisch Kontakt mit Ihnen aufnehmen zu k\u00f6nnen wenn Sie uns darum bitten, und\/oder um Sie schriftlich (per E-Mail und\/oder per Post) kontaktieren zu k\u00f6nnen, wenn Sie telefonisch nicht erreichbar sind. Au\u00dferdem kann De Helfterkamp Ihre personenbezogenen Daten verarbeiten f\u00fcr die Ausf\u00fchrung einer mit Ihnen geschlossenen Vereinbarung, wie beispielsweise die Reservierung eines Stellplatzes oder einer Unterkunft.[\/vc_column_text][vc_column_text el_class=&#8220;marginbot30&#8243;]<\/p>\n<h3>Wie lange speichert De Helfterkamp Ihre Daten<\/h3>\n<p>Ihre registrierten Daten werden sp\u00e4testens 10 Jahr nach Beendung der Vereinbarung aus den Dateien von De Helfterkamp gel\u00f6scht. Im Falle eines Wartungsvertrages werden Ihre personenbezogenen Daten f\u00fcr die Dauer dieser Vereinbarung bewahrt und sp\u00e4testens 10 Jahr nach Beendung des Vertrages gel\u00f6scht.[\/vc_column_text][vc_column_text el_class=&#8220;marginbot30&#8243;]<\/p>\n<h3>Teilen von Daten mit anderen<\/h3>\n<p>De Helfterkamp gibt Ihre personenbezogenen Daten nicht an Dritte weiter, es sei denn dass dies gesetzlich verpflichtet ist.[\/vc_column_text][vc_column_text el_class=&#8220;marginbot30&#8243;]<\/p>\n<h3>Registrierung des Websitebesuchs<\/h3>\n<p>Auf der Website von De Helfterkamp werden allgemeine Besuchs- und Nutzungsdaten registriert, darunter auch der Nutzungszeitpunkt und die Angaben die Ihr Browser mitgibt. Mit diesen Angaben werden Besuch und Nutzung der Website analysiert. De Helfterkamp nutzt diese Informationen um die Website zu optimieren. Diese Angaben werden anonymisiert.<br \/>\n[\/vc_column_text][vc_column_text css=&#8220;&#8220; el_class=&#8220;marginbot30&#8243;]<\/p>\n<h3>Cookies<\/h3>\n<p><script id=\"CookieDeclaration\" src=\"https:\/\/consent.cookiebot.com\/129c0b5f-88a3-4ee7-8cd9-e652629b5e10\/cd.js\" type=\"text\/javascript\" async=\"\"><\/script>[\/vc_column_text][vc_column_text el_class=&#8220;marginbot30&#8243;]<\/p>\n<h3>Daten einsehen, \u00e4ndern oder l\u00f6schen<\/h3>\n<p>Sie haben ein Recht auf Zugang, Berichtigung oder L\u00f6schung Ihrer personenbezogenen Daten. Hierf\u00fcr k\u00f6nnen Sie uns eine Anfrage auf Zugang, Berichtigung oder L\u00f6schung schicken \u00fcber <a href=\"mailto:info@helfterkamp.nl\">info@helfterkamp.nl<\/a>. De Helfterkamp wird dann so schnell wie m\u00f6glich, in jedem Fall aber innerhalb vier Wochen, auf Ihre Anfrage reagieren.<\/p>\n<p>Sie haben das Recht eine Anfrage einzureichen um unzutreffende Angaben berichtigen zu lassen. Sollte eine \u00c4nderungsanfrage von einer anderen Person eingereicht werden als die Person die diese \u00c4nderung betrifft, ist De Helfterkamp erst dann zur Berichtigung verpflichtet, wenn die betreffende Person erkl\u00e4rt hat, eine unzutreffende Angabe gemacht zu haben.<\/p>\n<p>Wenn nicht innerhalb von vier Wochen auf Ihre Anfrage auf Zugang, Berichtigung oder L\u00f6schung reagiert worden ist, k\u00f6nnen Sie aufgrund der Beschwerdeverordnung von De Helfterkamp eine Beschwerde bei der Direktion von De Helfterkamp einreichen. Daneben haben Sie die M\u00f6glichkeit, bei der zust\u00e4ndigen Aufsichtsbeh\u00f6rde (College Bescherming persoonsgegevens, Postbus 93.374, 2509 AJ Den Haag \/ www.autoriteitpersoonsgegevens.nl) eine Anfrage um Vermittlung einzureichen.<br \/>\n[\/vc_column_text][vc_column_text el_class=&#8220;marginbot30&#8243;]<\/p>\n<h3>Datenschutz und SSL Zertifikat<\/h3>\n<p>De Helfterkamp nimmt den Schutz Ihrer pers\u00f6nlichen Daten ernst und trifft geeignete Ma\u00dfnahmen, um Missbrauch, Verlust, unbefugten Zugriff, unbefugte Offenlegung und unbefugte Ver\u00e4nderung zu verhindern. Die Website von De Helfterkamp nutzt ein zuverl\u00e4ssiges SSL Zertifikat um zu gew\u00e4hrleisten, dass Ihre personenbezogenen Daten nicht in falsche H\u00e4nde fallen. Wenn Sie den Eindruck haben, dass Ihre pers\u00f6nlichen Daten nicht sicher sind oder Hinweise auf einen Missbrauch vorliegen, oder wenn Sie mehr erfahren m\u00f6chten \u00fcber die den Schutz der von De Helfterkamp erfassten Daten, kontaktieren Sie uns bitte \u00fcber <a href=\"mailto:info@helfterkamp.nl\">info@helfterkamp.nl<\/a>.[\/vc_column_text][vc_column_text]<\/p>\n<h3>Kontakt:<\/h3>\n<p>De Helfterkamp ist wie folgt zu erreichen::<\/p>\n<p>Post \u2013und Gesch\u00e4ftsadresse: Gortelseweg 24, 8171 RA Vaassen, Niederlande<br \/>\nTelefon: <a href=\"tel:+31 (0)578-57 18 39\">+31 (0)578-57 18 39<\/a><br \/>\nE-Mailadresse: <a href=\"mailto:info@helfterkamp.nl\">info@helfterkamp.nl<\/a>[\/vc_column_text][\/vc_column][\/vc_row][vc_row full_width=&#8220;stretch_row&#8220; css=&#8220;.vc_custom_1543396289954{background-image: url(https:\/\/www.helfterkamp.nl\/wp-content\/uploads\/2023\/02\/De_Helfterkamp_keurmerk_background.jpg?id=392) !important;background-position: center !important;background-repeat: no-repeat !important;background-size: cover !important;}&#8220; el_class=&#8220;padding50&#8243;][vc_column][vc_column_text]<\/p>\n<h2 class=\"oranjeletters\">Keurmerken waar we trots op zijn<\/h2>\n<p>[\/vc_column_text]<style type=\"text\/css\" data-type=\"the7_shortcodes-inline-css\">.carousel-shortcode.carousel-shortcode-id-1d5ce1a77b9cd8b4b6bcf4fb7a958cbf.owl-carousel .owl-nav div {\n  width: 36px;\n  height: 36px;\n  border-radius: 0px;\n}\n.dt-arrow-border-on.carousel-shortcode.carousel-shortcode-id-1d5ce1a77b9cd8b4b6bcf4fb7a958cbf.owl-carousel .owl-nav div:not(:hover):before {\n  border-width: 0px;\n}\n.dt-arrow-hover-border-on.carousel-shortcode.carousel-shortcode-id-1d5ce1a77b9cd8b4b6bcf4fb7a958cbf.owl-carousel .owl-nav div:hover:after {\n  border-width: 0px;\n}\n.carousel-shortcode.carousel-shortcode-id-1d5ce1a77b9cd8b4b6bcf4fb7a958cbf.owl-carousel .owl-nav div.owl-prev {\n  top: calc(100% + 14px);\n  left: 50%;\n  transform: translateX(calc(-50% + -30px));\n}\n@media all and (-ms-high-contrast: none) {\n  .carousel-shortcode.carousel-shortcode-id-1d5ce1a77b9cd8b4b6bcf4fb7a958cbf.owl-carousel .owl-nav div.owl-prev {\n    transform: translateX(-50%);\n    margin-left: -30px;\n  }\n}\n.carousel-shortcode.carousel-shortcode-id-1d5ce1a77b9cd8b4b6bcf4fb7a958cbf.owl-carousel .owl-nav div.owl-prev i {\n  padding: 0px 0px 0px 0px;\n}\n.carousel-shortcode.carousel-shortcode-id-1d5ce1a77b9cd8b4b6bcf4fb7a958cbf.owl-carousel .owl-nav div.owl-next {\n  top: calc(100% + 14px);\n  left: 50%;\n  transform: translateX(calc(-50% + 30px));\n}\n@media all and (-ms-high-contrast: none) {\n  .carousel-shortcode.carousel-shortcode-id-1d5ce1a77b9cd8b4b6bcf4fb7a958cbf.owl-carousel .owl-nav div.owl-next {\n    transform: translateX(-50%);\n    margin-left: 30px;\n  }\n}\n.carousel-shortcode.carousel-shortcode-id-1d5ce1a77b9cd8b4b6bcf4fb7a958cbf.owl-carousel .owl-nav div.owl-next i {\n  padding: 0px 0px 0px 0px;\n}\n.carousel-shortcode.carousel-shortcode-id-1d5ce1a77b9cd8b4b6bcf4fb7a958cbf.owl-carousel .owl-nav i {\n  font-size: 18px;\n}\n.carousel-shortcode.carousel-shortcode-id-1d5ce1a77b9cd8b4b6bcf4fb7a958cbf.owl-carousel .owl-nav div:not(:hover) i,\n.carousel-shortcode.carousel-shortcode-id-1d5ce1a77b9cd8b4b6bcf4fb7a958cbf.owl-carousel .owl-nav div:not(:hover) i:before {\n  color: #ffffff;\n  background: none;\n}\n.carousel-shortcode.carousel-shortcode-id-1d5ce1a77b9cd8b4b6bcf4fb7a958cbf.owl-carousel .owl-nav div:hover i,\n.carousel-shortcode.carousel-shortcode-id-1d5ce1a77b9cd8b4b6bcf4fb7a958cbf.owl-carousel .owl-nav div:hover i:before {\n  color: rgba(255,255,255,0.75);\n  background: none;\n}\n.carousel-shortcode.carousel-shortcode-id-1d5ce1a77b9cd8b4b6bcf4fb7a958cbf .owl-dots {\n  top: calc(100% + 20px);\n  left: 50%;\n  transform: translateX(calc(-50% + 0px));\n}\n@media all and (-ms-high-contrast: none) {\n  .carousel-shortcode.carousel-shortcode-id-1d5ce1a77b9cd8b4b6bcf4fb7a958cbf .owl-dots {\n    transform: translateX(-50%);\n    margin-left: 0px;\n  }\n}\n.carousel-shortcode.carousel-shortcode-id-1d5ce1a77b9cd8b4b6bcf4fb7a958cbf .owl-dot {\n  width: 10px;\n  height: 10px;\n  margin: 0 8px;\n}\n@media screen and (max-width: 778px) {\n  .carousel-shortcode.carousel-shortcode-id-1d5ce1a77b9cd8b4b6bcf4fb7a958cbf.hide-arrows .owl-nav a {\n    display: none;\n  }\n}\n@media screen and (max-width: 778px) {\n  .carousel-shortcode.carousel-shortcode-id-1d5ce1a77b9cd8b4b6bcf4fb7a958cbf.reposition-arrows .owl-nav div.owl-prev {\n    top: calc(100% + 14px);\n    left: 50%;\n    transform: translateX(calc(-50% + -18px));\n  }\n  .carousel-shortcode.carousel-shortcode-id-1d5ce1a77b9cd8b4b6bcf4fb7a958cbf.reposition-arrows .owl-nav div.owl-next {\n    top: calc(100% + 14px);\n    left: 50%;\n    transform: translateX(calc(-50% + 18px));\n  }\n}\n@media screen and (max-width: 778px) and all and (-ms-high-contrast: none) {\n  .carousel-shortcode.carousel-shortcode-id-1d5ce1a77b9cd8b4b6bcf4fb7a958cbf.reposition-arrows .owl-nav div.owl-prev {\n    transform: translateX(-50%);\n    margin-left: -18px;\n  }\n}\n@media screen and (max-width: 778px) and all and (-ms-high-contrast: none) {\n  .carousel-shortcode.carousel-shortcode-id-1d5ce1a77b9cd8b4b6bcf4fb7a958cbf.reposition-arrows .owl-nav div.owl-next {\n    transform: translateX(-50%);\n    margin-left: 18px;\n  }\n}<\/style><div class=\"owl-carousel carousel-shortcode dt-owl-carousel-call carousel-shortcode-id-1d5ce1a77b9cd8b4b6bcf4fb7a958cbf bullets-small-dot-stroke reposition-arrows arrows-bg-on dt-arrow-border-on dt-arrow-hover-border-on disable-arrows-hover-bg arrows-hover-bg-on  \" data-scroll-mode=\"1\" data-col-num=\"4\" data-wide-col-num=\"6\" data-laptop-col=\"4\" data-h-tablet-columns-num=\"4\" data-v-tablet-columns-num=\"3\" data-phone-columns-num=\"3\" data-auto-height=\"true\" data-col-gap=\"30\" data-stage-padding=\"0\" data-speed=\"600\" data-autoplay=\"false\" data-autoplay_speed=\"6000\" data-arrows=\"true\" data-bullet=\"false\" data-next-icon=\"icon-ar-017-r\" data-prev-icon=\"icon-ar-017-l\">[vc_single_image image=&#8220;10429&#8243; img_size=&#8220;full&#8220; alignment=&#8220;center&#8220; onclick=&#8220;custom_link&#8220; img_link_target=&#8220;_blank&#8220; link=&#8220;https:\/\/www.anwbcamping.nl\/nederland\/gelderland\/camping-de-helfterkamp&#8220;][vc_single_image image=&#8220;10433&#8243; img_size=&#8220;full&#8220; alignment=&#8220;center&#8220; onclick=&#8220;custom_link&#8220; img_link_target=&#8220;_blank&#8220; link=&#8220;https:\/\/www.anwbcamping.nl\/nederland\/gelderland\/camping-de-helfterkamp&#8220;][vc_single_image image=&#8220;8871&#8243; img_size=&#8220;full&#8220; alignment=&#8220;center&#8220; onclick=&#8220;custom_link&#8220; img_link_target=&#8220;_blank&#8220; link=&#8220;https:\/\/www.anwbcamping.nl\/nederland\/gelderland\/camping-de-helfterkamp&#8220;][vc_single_image image=&#8220;8049&#8243; img_size=&#8220;full&#8220; alignment=&#8220;center&#8220; onclick=&#8220;custom_link&#8220; img_link_target=&#8220;_blank&#8220; link=&#8220;https:\/\/www.charmecamping.nl\/nederland\/gelderland\/veluwe\/camping-de-helfterkamp\/&#8220;][vc_single_image image=&#8220;8011&#8243; img_size=&#8220;full&#8220; alignment=&#8220;center&#8220; onclick=&#8220;custom_link&#8220; img_link_target=&#8220;_blank&#8220; link=&#8220;https:\/\/www.anwbcamping.nl\/nederland\/gelderland\/camping-de-helfterkamp&#8220;][vc_single_image image=&#8220;8391&#8243; img_size=&#8220;full&#8220; alignment=&#8220;center&#8220; onclick=&#8220;custom_link&#8220; img_link_target=&#8220;_blank&#8220; link=&#8220;https:\/\/www.kgc.nl\/&#8220;][vc_single_image image=&#8220;7995&#8243; img_size=&#8220;full&#8220; alignment=&#8220;center&#8220; onclick=&#8220;custom_link&#8220; img_link_target=&#8220;_blank&#8220; link=&#8220;https:\/\/www.eurocampings.nl\/nederland\/gelderland\/vaassen\/camping-de-helfterkamp-105619\/?l=region&#8220;][vc_single_image image=&#8220;8023&#8243; img_size=&#8220;full&#8220; alignment=&#8220;center&#8220; onclick=&#8220;custom_link&#8220; img_link_target=&#8220;_blank&#8220; link=&#8220;https:\/\/www.campingnavigator.com\/nl\/best-deal-camping-card\/&#8220;][vc_single_image image=&#8220;7991&#8243; img_size=&#8220;full&#8220; alignment=&#8220;center&#8220; onclick=&#8220;custom_link&#8220; img_link_target=&#8220;_blank&#8220; link=&#8220;https:\/\/vvvepe.nl\/&#8220;]<\/div>[\/vc_column][\/vc_row]<\/p>\n<\/div>","protected":false},"excerpt":{"rendered":"<p>[vc_row css=&#8220;.vc_custom_1551279053110{padding-top: 0px !important;}&#8220; el_class=&#8220;paddingbot50&#8243;][vc_column][vc_column_text] Datenschutzerkl\u00e4rung [\/vc_column_text][vc_column_text el_class=&#8220;marginbot30&#8243;] Personenbezogene Daten die wir verarbeiten De Helfterkamp kann Ihre personenbezogenen Daten verarbeiten, weil Sie die Dienste von De Helfterkamp f\u00fcr die Erbringung unserer Dienstleistung nutzen und\/oder weil Sie uns diese Daten freiwillig \u00fcber ein Kontakt- oder Reservierungsformular, telefonisch oder per E-Mail mitteilen. De Helfterkamp kann die folgenden&hellip;<\/p>\n","protected":false},"author":1,"featured_media":0,"parent":0,"menu_order":0,"comment_status":"closed","ping_status":"closed","template":"","meta":{"inline_featured_image":false,"footnotes":""},"class_list":["post-11273","page","type-page","status-publish","hentry","description-off"],"_links":{"self":[{"href":"https:\/\/www.helfterkamp.nl\/de\/wp-json\/wp\/v2\/pages\/11273","targetHints":{"allow":["GET"]}}],"collection":[{"href":"https:\/\/www.helfterkamp.nl\/de\/wp-json\/wp\/v2\/pages"}],"about":[{"href":"https:\/\/www.helfterkamp.nl\/de\/wp-json\/wp\/v2\/types\/page"}],"author":[{"embeddable":true,"href":"https:\/\/www.helfterkamp.nl\/de\/wp-json\/wp\/v2\/users\/1"}],"replies":[{"embeddable":true,"href":"https:\/\/www.helfterkamp.nl\/de\/wp-json\/wp\/v2\/comments?post=11273"}],"version-history":[{"count":3,"href":"https:\/\/www.helfterkamp.nl\/de\/wp-json\/wp\/v2\/pages\/11273\/revisions"}],"predecessor-version":[{"id":19740,"href":"https:\/\/www.helfterkamp.nl\/de\/wp-json\/wp\/v2\/pages\/11273\/revisions\/19740"}],"wp:attachment":[{"href":"https:\/\/www.helfterkamp.nl\/de\/wp-json\/wp\/v2\/media?parent=11273"}],"curies":[{"name":"wp","href":"https:\/\/api.w.org\/{rel}","templated":true}]}}