{"id":11286,"date":"2023-02-15T16:16:37","date_gmt":"2023-02-15T15:16:37","guid":{"rendered":"https:\/\/www.helfterkamp.nl\/grundriss-und-virtueller-rundgang\/"},"modified":"2023-04-10T18:31:47","modified_gmt":"2023-04-10T16:31:47","slug":"lageplan","status":"publish","type":"page","link":"https:\/\/www.helfterkamp.nl\/de\/lageplan\/","title":{"rendered":"Lageplan und virtueller Rundgang"},"content":{"rendered":"<div class=\"wpb-content-wrapper\"><p>[vc_row css=&#8220;.vc_custom_1681144303835{padding-top: 100px !important;}&#8220;][vc_column][vc_column_text]<\/p>\n<h1>Den Campingplatz mit dem Lageplan und beim virtuellen Rundgang entdecken<\/h1>\n<p>[\/vc_column_text][\/vc_column][\/vc_row][vc_row gap=&#8220;25&#8243; el_class=&#8220;paddingbot50&#8243;][vc_column width=&#8220;1\/3&#8243;][vc_column_text]M\u00f6chten Sie einen Eindruck von unserem Campingplatz bekommen, den gro\u00dfz\u00fcgigen Wiesen (mit und ohne Spielplatz) und dem Freizeit- und Serviceangebot? Oder m\u00f6chten Sie sich schon einen Stellplatz aussuchen? Sehen Sie sich hier unseren Langeplan an oder laden Sie ihn herunter, oder erkunden Sie den Platz bei einem virtuellen Rundgang.<br \/>\nEin weiterer Tipp: Besichtigen Sie unseren Campingplatz pers\u00f6nlich und verbinden Sie den Besuch mit einer Wanderung oder einem Ausflug in der <a href=\"https:\/\/www.helfterkamp.nl\/de\/umgebung\/\">Umgebung<\/a>, dem wundersch\u00f6nen Wald- und Heidegebiet Veluwe.[\/vc_column_text][vc_column_text]<\/p>\n<div class=\"buttonswrapper\"><a class=\"custombutton\" href=\"#\">Lageplan herunterladen (PDF)<\/a><a class=\"custombutton anchor-link\" href=\"#!\/impressionen\">Direkt zum virtuellen Rundgang<\/a><\/div>\n<p>&nbsp;<\/p>\n<p class=\"groetenvan\">Lesen Sie mehr uber:<\/p>\n<p><a href=\"https:\/\/www.helfterkamp.nl\/de\/unterkuenfte\/\">Unterk\u00fcnfte<\/a><\/p>\n<p><a href=\"https:\/\/www.helfterkamp.nl\/de\/camping\/\">Camping<\/a><\/p>\n<p><a href=\"https:\/\/www.helfterkamp.nl\/de\/service-und-freizeit\/\">Service und Freizeit<\/a>[\/vc_column_text][\/vc_column][vc_column width=&#8220;2\/3&#8243;][vc_single_image image=&#8220;4289&#8243; img_size=&#8220;full&#8220; onclick=&#8220;link_image&#8220;][\/vc_column][\/vc_row][vc_row full_width=&#8220;stretch_row&#8220; el_class=&#8220;grijzeblok&#8220; el_id=&#8220;impressionen&#8220;][vc_column][vc_raw_html]JTNDaDIlM0VJbXByZXNzaW9uZW4lM0ElM0MlMkZoMiUzRSUwQSUzQ2lmcmFtZSUyMHdpZHRoJTNEJTI3MTAwJTI1JTI3JTIwaGVpZ2h0JTNEJTI3NjAwcHglMjclMjBhbGxvd2Z1bGxzY3JlZW4lMjBzcmMlM0QlMjdodHRwcyUzQSUyRiUyRnRvdXJta3IuY29tJTJGRjFqVW9hOTdBVSUyNyUzRSUzQyUyRmlmcmFtZSUzRQ==[\/vc_raw_html][\/vc_column][\/vc_row][vc_row full_width=&#8220;stretch_row&#8220; css=&#8220;.vc_custom_1548415453480{background-image: url(https:\/\/www.helfterkamp.nl\/wp-content\/uploads\/2023\/02\/De_Helfterkamp_keurmerk_background.jpg?id=392) !important;background-position: center !important;background-repeat: no-repeat !important;background-size: cover !important;}&#8220; el_class=&#8220;padding50&#8243;][vc_column][vc_column_text]<\/p>\n<h2 class=\"oranjeletters\">Gutesiegel auf die wir stolz sind<\/h2>\n<p>[\/vc_column_text]<style type=\"text\/css\" data-type=\"the7_shortcodes-inline-css\">.carousel-shortcode.carousel-shortcode-id-1d5ce1a77b9cd8b4b6bcf4fb7a958cbf.owl-carousel .owl-nav div {\n  width: 36px;\n  height: 36px;\n  border-radius: 0px;\n}\n.dt-arrow-border-on.carousel-shortcode.carousel-shortcode-id-1d5ce1a77b9cd8b4b6bcf4fb7a958cbf.owl-carousel .owl-nav div:not(:hover):before {\n  border-width: 0px;\n}\n.dt-arrow-hover-border-on.carousel-shortcode.carousel-shortcode-id-1d5ce1a77b9cd8b4b6bcf4fb7a958cbf.owl-carousel .owl-nav div:hover:after {\n  border-width: 0px;\n}\n.carousel-shortcode.carousel-shortcode-id-1d5ce1a77b9cd8b4b6bcf4fb7a958cbf.owl-carousel .owl-nav div.owl-prev {\n  top: calc(100% + 14px);\n  left: 50%;\n  transform: translateX(calc(-50% + -30px));\n}\n@media all and (-ms-high-contrast: none) {\n  .carousel-shortcode.carousel-shortcode-id-1d5ce1a77b9cd8b4b6bcf4fb7a958cbf.owl-carousel .owl-nav div.owl-prev {\n    transform: translateX(-50%);\n    margin-left: -30px;\n  }\n}\n.carousel-shortcode.carousel-shortcode-id-1d5ce1a77b9cd8b4b6bcf4fb7a958cbf.owl-carousel .owl-nav div.owl-prev i {\n  padding: 0px 0px 0px 0px;\n}\n.carousel-shortcode.carousel-shortcode-id-1d5ce1a77b9cd8b4b6bcf4fb7a958cbf.owl-carousel .owl-nav div.owl-next {\n  top: calc(100% + 14px);\n  left: 50%;\n  transform: translateX(calc(-50% + 30px));\n}\n@media all and (-ms-high-contrast: none) {\n  .carousel-shortcode.carousel-shortcode-id-1d5ce1a77b9cd8b4b6bcf4fb7a958cbf.owl-carousel .owl-nav div.owl-next {\n    transform: translateX(-50%);\n    margin-left: 30px;\n  }\n}\n.carousel-shortcode.carousel-shortcode-id-1d5ce1a77b9cd8b4b6bcf4fb7a958cbf.owl-carousel .owl-nav div.owl-next i {\n  padding: 0px 0px 0px 0px;\n}\n.carousel-shortcode.carousel-shortcode-id-1d5ce1a77b9cd8b4b6bcf4fb7a958cbf.owl-carousel .owl-nav i {\n  font-size: 18px;\n}\n.carousel-shortcode.carousel-shortcode-id-1d5ce1a77b9cd8b4b6bcf4fb7a958cbf.owl-carousel .owl-nav div:not(:hover) i,\n.carousel-shortcode.carousel-shortcode-id-1d5ce1a77b9cd8b4b6bcf4fb7a958cbf.owl-carousel .owl-nav div:not(:hover) i:before {\n  color: #ffffff;\n  background: none;\n}\n.carousel-shortcode.carousel-shortcode-id-1d5ce1a77b9cd8b4b6bcf4fb7a958cbf.owl-carousel .owl-nav div:hover i,\n.carousel-shortcode.carousel-shortcode-id-1d5ce1a77b9cd8b4b6bcf4fb7a958cbf.owl-carousel .owl-nav div:hover i:before {\n  color: rgba(255,255,255,0.75);\n  background: none;\n}\n.carousel-shortcode.carousel-shortcode-id-1d5ce1a77b9cd8b4b6bcf4fb7a958cbf .owl-dots {\n  top: calc(100% + 20px);\n  left: 50%;\n  transform: translateX(calc(-50% + 0px));\n}\n@media all and (-ms-high-contrast: none) {\n  .carousel-shortcode.carousel-shortcode-id-1d5ce1a77b9cd8b4b6bcf4fb7a958cbf .owl-dots {\n    transform: translateX(-50%);\n    margin-left: 0px;\n  }\n}\n.carousel-shortcode.carousel-shortcode-id-1d5ce1a77b9cd8b4b6bcf4fb7a958cbf .owl-dot {\n  width: 10px;\n  height: 10px;\n  margin: 0 8px;\n}\n@media screen and (max-width: 778px) {\n  .carousel-shortcode.carousel-shortcode-id-1d5ce1a77b9cd8b4b6bcf4fb7a958cbf.hide-arrows .owl-nav a {\n    display: none;\n  }\n}\n@media screen and (max-width: 778px) {\n  .carousel-shortcode.carousel-shortcode-id-1d5ce1a77b9cd8b4b6bcf4fb7a958cbf.reposition-arrows .owl-nav .owl-prev {\n    top: calc(100% + 14px);\n    left: 50%;\n    transform: translateX(calc(-50% + -18px));\n  }\n  .carousel-shortcode.carousel-shortcode-id-1d5ce1a77b9cd8b4b6bcf4fb7a958cbf.reposition-arrows .owl-nav .owl-next {\n    top: calc(100% + 14px);\n    left: 50%;\n    transform: translateX(calc(-50% + 18px));\n  }\n}\n@media screen and (max-width: 778px) and all and (-ms-high-contrast: none) {\n  .carousel-shortcode.carousel-shortcode-id-1d5ce1a77b9cd8b4b6bcf4fb7a958cbf.reposition-arrows .owl-nav .owl-prev {\n    transform: translateX(-50%);\n    margin-left: -18px;\n  }\n}\n@media screen and (max-width: 778px) and all and (-ms-high-contrast: none) {\n  .carousel-shortcode.carousel-shortcode-id-1d5ce1a77b9cd8b4b6bcf4fb7a958cbf.reposition-arrows .owl-nav .owl-next {\n    transform: translateX(-50%);\n    margin-left: 18px;\n  }\n}<\/style><div class=\"owl-carousel carousel-shortcode dt-owl-carousel-call carousel-shortcode-id-1d5ce1a77b9cd8b4b6bcf4fb7a958cbf bullets-small-dot-stroke reposition-arrows arrows-bg-on dt-arrow-border-on dt-arrow-hover-border-on disable-arrows-hover-bg arrows-hover-bg-on  \" data-scroll-mode=\"1\" data-col-num=\"4\" data-wide-col-num=\"6\" data-laptop-col=\"4\" data-h-tablet-columns-num=\"4\" data-v-tablet-columns-num=\"3\" data-phone-columns-num=\"3\" data-auto-height=\"true\" data-col-gap=\"30\" data-stage-padding=\"0\" data-speed=\"600\" data-autoplay=\"false\" data-autoplay_speed=\"6000\" data-arrows=\"true\" data-bullet=\"false\" data-next-icon=\"icon-ar-017-r\" data-prev-icon=\"icon-ar-017-l\">[vc_single_image image=&#8220;4278&#8243; img_size=&#8220;full&#8220; alignment=&#8220;center&#8220; onclick=&#8220;custom_link&#8220; img_link_target=&#8220;_blank&#8220; link=&#8220;https:\/\/www.anwbcamping.nl\/nederland\/gelderland\/camping-de-helfterkamp&#8220;][vc_single_image image=&#8220;4280&#8243; img_size=&#8220;full&#8220; alignment=&#8220;center&#8220; onclick=&#8220;custom_link&#8220; img_link_target=&#8220;_blank&#8220; link=&#8220;https:\/\/www.anwbcamping.nl\/nederland\/gelderland\/camping-de-helfterkamp&#8220;][vc_single_image image=&#8220;3506&#8243; img_size=&#8220;full&#8220; alignment=&#8220;center&#8220; onclick=&#8220;custom_link&#8220; img_link_target=&#8220;_blank&#8220; link=&#8220;https:\/\/www.anwbcamping.nl\/nederland\/gelderland\/camping-de-helfterkamp&#8220;][vc_single_image image=&#8220;3095&#8243; img_size=&#8220;full&#8220; alignment=&#8220;center&#8220; onclick=&#8220;custom_link&#8220; img_link_target=&#8220;_blank&#8220; link=&#8220;https:\/\/www.charmecamping.nl\/nederland\/gelderland\/veluwe\/camping-de-helfterkamp\/&#8220;][vc_single_image image=&#8220;3076&#8243; img_size=&#8220;full&#8220; alignment=&#8220;center&#8220; onclick=&#8220;custom_link&#8220; img_link_target=&#8220;_blank&#8220; link=&#8220;https:\/\/www.anwbcamping.nl\/nederland\/gelderland\/camping-de-helfterkamp&#8220;][vc_single_image image=&#8220;3266&#8243; img_size=&#8220;full&#8220; alignment=&#8220;center&#8220; onclick=&#8220;custom_link&#8220; img_link_target=&#8220;_blank&#8220; link=&#8220;https:\/\/www.kgc.nl\/&#8220;][vc_single_image image=&#8220;3068&#8243; img_size=&#8220;full&#8220; alignment=&#8220;center&#8220; onclick=&#8220;custom_link&#8220; img_link_target=&#8220;_blank&#8220; link=&#8220;https:\/\/www.eurocampings.nl\/nederland\/gelderland\/vaassen\/camping-de-helfterkamp-105619\/?l=region&#8220;][vc_single_image image=&#8220;3082&#8243; img_size=&#8220;full&#8220; alignment=&#8220;center&#8220; onclick=&#8220;custom_link&#8220; img_link_target=&#8220;_blank&#8220; link=&#8220;https:\/\/www.campingnavigator.com\/nl\/best-deal-camping-card\/&#8220;][vc_single_image image=&#8220;3066&#8243; img_size=&#8220;full&#8220; alignment=&#8220;center&#8220; onclick=&#8220;custom_link&#8220; img_link_target=&#8220;_blank&#8220; link=&#8220;https:\/\/vvvepe.nl\/&#8220;]<\/div>[\/vc_column][\/vc_row]<\/p>\n<\/div>","protected":false},"excerpt":{"rendered":"<p>[vc_row css=&#8220;.vc_custom_1681144303835{padding-top: 100px !important;}&#8220;][vc_column][vc_column_text] Den Campingplatz mit dem Lageplan und beim virtuellen Rundgang entdecken [\/vc_column_text][\/vc_column][\/vc_row][vc_row gap=&#8220;25&#8243; el_class=&#8220;paddingbot50&#8243;][vc_column width=&#8220;1\/3&#8243;][vc_column_text]M\u00f6chten Sie einen Eindruck von unserem Campingplatz bekommen, den gro\u00dfz\u00fcgigen Wiesen (mit und ohne Spielplatz) und dem Freizeit- und Serviceangebot? Oder m\u00f6chten Sie sich schon einen Stellplatz aussuchen? Sehen Sie sich hier unseren Langeplan an oder laden Sie&hellip;<\/p>\n","protected":false},"author":1,"featured_media":0,"parent":0,"menu_order":7,"comment_status":"closed","ping_status":"closed","template":"","meta":{"inline_featured_image":false,"footnotes":""},"class_list":["post-11286","page","type-page","status-publish","hentry","description-off"],"_links":{"self":[{"href":"https:\/\/www.helfterkamp.nl\/de\/wp-json\/wp\/v2\/pages\/11286","targetHints":{"allow":["GET"]}}],"collection":[{"href":"https:\/\/www.helfterkamp.nl\/de\/wp-json\/wp\/v2\/pages"}],"about":[{"href":"https:\/\/www.helfterkamp.nl\/de\/wp-json\/wp\/v2\/types\/page"}],"author":[{"embeddable":true,"href":"https:\/\/www.helfterkamp.nl\/de\/wp-json\/wp\/v2\/users\/1"}],"replies":[{"embeddable":true,"href":"https:\/\/www.helfterkamp.nl\/de\/wp-json\/wp\/v2\/comments?post=11286"}],"version-history":[{"count":0,"href":"https:\/\/www.helfterkamp.nl\/de\/wp-json\/wp\/v2\/pages\/11286\/revisions"}],"wp:attachment":[{"href":"https:\/\/www.helfterkamp.nl\/de\/wp-json\/wp\/v2\/media?parent=11286"}],"curies":[{"name":"wp","href":"https:\/\/api.w.org\/{rel}","templated":true}]}}