{"id":11305,"date":"2023-02-03T16:17:24","date_gmt":"2023-02-03T15:17:24","guid":{"rendered":"https:\/\/www.helfterkamp.nl\/kontakt\/"},"modified":"2023-04-10T18:34:28","modified_gmt":"2023-04-10T16:34:28","slug":"kontakt","status":"publish","type":"page","link":"https:\/\/www.helfterkamp.nl\/de\/kontakt\/","title":{"rendered":"Kontakt"},"content":{"rendered":"<div class=\"wpb-content-wrapper\"><p>[vc_row full_width=&#8220;stretch_row&#8220; gap=&#8220;30&#8243; el_class=&#8220;paddingbot50&#8243;][vc_column][vc_row_inner gap=&#8220;30&#8243; el_class=&#8220;marginbot30&#8243;][vc_column_inner el_class=&#8220;contactbox&#8220; offset=&#8220;vc_col-lg-4 vc_col-md-4 vc_col-xs-12&#8243;][vc_single_image image=&#8220;2995&#8243; img_size=&#8220;full&#8220; alignment=&#8220;center&#8220; el_class=&#8220;marginbot30&#8243;][vc_column_text el_class=&#8220;marginbot30&#8243;]<a href=\"https:\/\/goo.gl\/maps\/ifEGYrni9sz\" target=\"blank\" rel=\"noopener noreferrer\"><span class=\"iconfooter\"><i class=\"material-icons\"><br \/>\nlocation_on<br \/>\n<\/i><\/span>Gortelseweg 24<br \/>\n<span class=\"tweederegel\">8171 RA, Vaassen<\/span><\/a><\/p>\n<p><a href=\"mailto:info@helfterkamp.nl\"><span class=\"iconfooter\"><i class=\"material-icons\"><br \/>\nemail<\/i><\/span>info@helfterkamp.nl<\/a><\/p>\n<p><a href=\"tel:\/\/0031-578-571839\"><span class=\"iconfooter\"><i class=\"material-icons\"><br \/>\nphone<\/i><\/span>+31 (0)578-57 18 39<\/a>[\/vc_column_text]<style type=\"text\/css\" data-type=\"the7_shortcodes-inline-css\">.dt-shortcode-soc-icons.soc-icons-4cb94c3807fe3238852392a42380dd32 a {\n  margin-right: 5px;\n}\n.dt-shortcode-soc-icons a.soc-icons-4cb94c3807fe3238852392a42380dd32 {\n  margin-right: 5px;\n}\n.dt-shortcode-soc-icons a.soc-icons-4cb94c3807fe3238852392a42380dd32:last-child {\n  margin-right: 0;\n}\n.dt-shortcode-soc-icons a.soc-icons-4cb94c3807fe3238852392a42380dd32:before,\n.dt-shortcode-soc-icons a.soc-icons-4cb94c3807fe3238852392a42380dd32:after {\n  padding: inherit;\n}\n.dt-shortcode-soc-icons a.soc-icons-4cb94c3807fe3238852392a42380dd32.dt-icon-border-on:before {\n  border:  solid ;\n}\n.dt-shortcode-soc-icons a.soc-icons-4cb94c3807fe3238852392a42380dd32.dt-icon-hover-border-on:after {\n  border:  solid ;\n}<\/style><div class=\"dt-shortcode-soc-icons marginbot30 soc-icons-4cb94c3807fe3238852392a42380dd32 soc-icons-center \" ><style type=\"text\/css\" data-type=\"the7_shortcodes-inline-css\">.dt-shortcode-soc-icons a.single-soc-icon-d8a13091474d18b8498e0acdbf687231 {\n  min-width: 26px;\n  min-height: 26px;\n  font-size: 16px;\n  border-radius: 100px;\n}\n.dt-shortcode-soc-icons a.single-soc-icon-d8a13091474d18b8498e0acdbf687231:last-child {\n  margin-right: 0;\n}\n.dt-shortcode-soc-icons a.single-soc-icon-d8a13091474d18b8498e0acdbf687231:before,\n.dt-shortcode-soc-icons a.single-soc-icon-d8a13091474d18b8498e0acdbf687231:after {\n  min-width: 26px;\n  min-height: 26px;\n  padding: inherit;\n}\n.dt-shortcode-soc-icons a.single-soc-icon-d8a13091474d18b8498e0acdbf687231.dt-icon-border-on:before {\n  border: 0px solid ;\n}\n.dt-shortcode-soc-icons a.single-soc-icon-d8a13091474d18b8498e0acdbf687231.dt-icon-hover-border-on:after {\n  border: 0px solid ;\n}\n.dt-shortcode-soc-icons a.single-soc-icon-d8a13091474d18b8498e0acdbf687231:hover {\n  font-size: 16px;\n}\n#page .dt-shortcode-soc-icons a.single-soc-icon-d8a13091474d18b8498e0acdbf687231:hover .soc-font-icon,\n#phantom .dt-shortcode-soc-icons a.single-soc-icon-d8a13091474d18b8498e0acdbf687231:hover .soc-font-icon,\n#page .dt-shortcode-soc-icons a.single-soc-icon-d8a13091474d18b8498e0acdbf687231:hover .soc-icon,\n#phantom .dt-shortcode-soc-icons a.single-soc-icon-d8a13091474d18b8498e0acdbf687231:hover .soc-icon {\n  color: rgba(255,255,255,0.75);\n  background: none;\n}\n#page .dt-shortcode-soc-icons a.single-soc-icon-d8a13091474d18b8498e0acdbf687231:not(:hover) .soc-font-icon,\n#phantom .dt-shortcode-soc-icons a.single-soc-icon-d8a13091474d18b8498e0acdbf687231:not(:hover) .soc-font-icon,\n#page .dt-shortcode-soc-icons a.single-soc-icon-d8a13091474d18b8498e0acdbf687231:not(:hover) .soc-icon,\n#phantom .dt-shortcode-soc-icons a.single-soc-icon-d8a13091474d18b8498e0acdbf687231:not(:hover) .soc-icon {\n  color: #ffffff;\n  background: none;\n}\n.dt-shortcode-soc-icons a.single-soc-icon-d8a13091474d18b8498e0acdbf687231 .soc-font-icon,\n.dt-shortcode-soc-icons a.single-soc-icon-d8a13091474d18b8498e0acdbf687231 .soc-icon {\n  font-size: 16px;\n}<\/style><a title=\"Facebook\" href=\"https:\/\/www.facebook.com\/helfterkamp\/\" target=\"_blank\" class=\"facebook single-soc-icon-d8a13091474d18b8498e0acdbf687231 dt-icon-bg-on dt-icon-border-on dt-icon-hover-border-on dt-icon-hover-bg-on\" rel=\"noopener\"><i class=\"soc-icon soc-font-icon dt-icon-facebook\"><\/i><span class=\"screen-reader-text\">Facebook<\/span><\/a><style type=\"text\/css\" data-type=\"the7_shortcodes-inline-css\">.dt-shortcode-soc-icons a.single-soc-icon-4d8bdddf2a7778a4a9505a57f9ff3c31 {\n  min-width: 26px;\n  min-height: 26px;\n  font-size: 16px;\n  border-radius: 100px;\n}\n.dt-shortcode-soc-icons a.single-soc-icon-4d8bdddf2a7778a4a9505a57f9ff3c31:last-child {\n  margin-right: 0;\n}\n.dt-shortcode-soc-icons a.single-soc-icon-4d8bdddf2a7778a4a9505a57f9ff3c31:before,\n.dt-shortcode-soc-icons a.single-soc-icon-4d8bdddf2a7778a4a9505a57f9ff3c31:after {\n  min-width: 26px;\n  min-height: 26px;\n  padding: inherit;\n}\n.dt-shortcode-soc-icons a.single-soc-icon-4d8bdddf2a7778a4a9505a57f9ff3c31.dt-icon-border-on:before {\n  border: 0px solid ;\n}\n.dt-shortcode-soc-icons a.single-soc-icon-4d8bdddf2a7778a4a9505a57f9ff3c31.dt-icon-hover-border-on:after {\n  border: 0px solid ;\n}\n.dt-shortcode-soc-icons a.single-soc-icon-4d8bdddf2a7778a4a9505a57f9ff3c31:hover {\n  font-size: 16px;\n}\n#page .dt-shortcode-soc-icons a.single-soc-icon-4d8bdddf2a7778a4a9505a57f9ff3c31:hover .soc-font-icon,\n#phantom .dt-shortcode-soc-icons a.single-soc-icon-4d8bdddf2a7778a4a9505a57f9ff3c31:hover .soc-font-icon,\n#page .dt-shortcode-soc-icons a.single-soc-icon-4d8bdddf2a7778a4a9505a57f9ff3c31:hover .soc-icon,\n#phantom .dt-shortcode-soc-icons a.single-soc-icon-4d8bdddf2a7778a4a9505a57f9ff3c31:hover .soc-icon {\n  color: rgba(255,255,255,0.75);\n  background: none;\n}\n#page .dt-shortcode-soc-icons a.single-soc-icon-4d8bdddf2a7778a4a9505a57f9ff3c31:not(:hover) .soc-font-icon,\n#phantom .dt-shortcode-soc-icons a.single-soc-icon-4d8bdddf2a7778a4a9505a57f9ff3c31:not(:hover) .soc-font-icon,\n#page .dt-shortcode-soc-icons a.single-soc-icon-4d8bdddf2a7778a4a9505a57f9ff3c31:not(:hover) .soc-icon,\n#phantom .dt-shortcode-soc-icons a.single-soc-icon-4d8bdddf2a7778a4a9505a57f9ff3c31:not(:hover) .soc-icon {\n  color: #ffffff;\n  background: none;\n}\n.dt-shortcode-soc-icons a.single-soc-icon-4d8bdddf2a7778a4a9505a57f9ff3c31 .soc-font-icon,\n.dt-shortcode-soc-icons a.single-soc-icon-4d8bdddf2a7778a4a9505a57f9ff3c31 .soc-icon {\n  font-size: 16px;\n}<\/style><a title=\"Instagram\" href=\"https:\/\/www.instagram.com\/camping_de_helfterkamp\/\" target=\"_blank\" class=\"instagram single-soc-icon-4d8bdddf2a7778a4a9505a57f9ff3c31 dt-icon-bg-on dt-icon-border-on dt-icon-hover-border-on dt-icon-hover-bg-on\" rel=\"noopener\"><i class=\"soc-icon soc-font-icon dt-icon-instagram\"><\/i><span class=\"screen-reader-text\">Instagram<\/span><\/a><\/div>[vc_column_text]<\/p>\n<h3>Offnungszeiten:<\/h3>\n<p>Der Campingplatz ist vom 1. M\u00e4rz bis 31. Oktober ge\u00f6ffnet. Den Rest des Jahres sind wir geschlossen und per E-Mail erreichbar.[\/vc_column_text][\/vc_column_inner][vc_column_inner offset=&#8220;vc_col-lg-8 vc_col-md-8 vc_col-xs-12&#8243;][vc_column_text el_class=&#8220;marginbot30&#8243;]<\/p>\n<h1>Kontakt mit dem Team De Helfterkamp<\/h1>\n<p>Camping De Helfterkamp ist das ganze Jahr hindurch erreichbar. \u201aUnser Campingplatz ist unser Garten, und dort sind wir das ganze Jahr hindurch zu finden\u2018 &#8211; das ist das Motto von Inhabern Bart und Kirsten, bei denen Gastfreundschaft hoch im Kurs steht. Die Campingsaison dauert von M\u00e4rz bis einschlie\u00dflich Oktober, aber z\u00f6gern Sie nicht, auch au\u00dferhalb der Saison Kontakt mit uns aufzunehmen. Wir freuen uns auf Ihre Anfrage![\/vc_column_text][vc_column_text el_class=&#8220;marginbot30&#8243;]<img loading=\"lazy\" decoding=\"async\" class=\"wp-image-1371 size-full alignleft\" src=\"https:\/\/www.helfterkamp.nl\/wp-content\/uploads\/2023\/02\/Vignet_erkend_80x100.png\" alt=\"\" width=\"80\" height=\"100\" \/>Wir sind stolz darauf, dass unsere G\u00e4ste und der ANWB, die niederl\u00e4ndische Schwesterorganisation des ADAC, uns so gut beurteilen. Nat\u00fcrlich m\u00f6chten wir auch gerne, dass unsere Qualit\u00e4t und Gastfreundschaft auf diesem hohen Niveau bleiben. Darum h\u00f6ren wir gerne Ihr Feedback, das Sie uns \u00fcber das hierunter stehende Formular, \u00fcber Zoover oder in einem pers\u00f6nlichen Gespr\u00e4ch geben k\u00f6nnen.[\/vc_column_text][vc_column_text el_class=&#8220;marginbot30&#8243;]<\/p>\n<h2>Reservierungsanfrage<\/h2>\n<p>Sind Sie an einem Stellplatz oder an einer unserer Unterk\u00fcnfte interessiert? Treffen Sie hier Ihre Wahl:<\/p>\n<div class=\"kolom\">\n<ul>\n<li><a href=\"https:\/\/www.helfterkamp.nl\/de\/camping\/reservieren\/\">Camping<\/a><\/li>\n<li><a href=\"https:\/\/www.helfterkamp.nl\/de\/unterkunfte\/wohnwagen\/reservieren\/\">Wohnwagen<\/a><\/li>\n<li><a href=\"https:\/\/www.helfterkamp.nl\/de\/unterkunfte\/ferienbungalow\/reservieren\/\">Ferienbungalow<\/a><\/li>\n<\/ul>\n<\/div>\n<div class=\"kolom2\">\n<ul>\n<li><a href=\"https:\/\/www.helfterkamp.nl\/de\/unterkunfte\/mobilheim\/reservieren\/ \">Mobilheim<\/a><\/li>\n<li><a href=\"https:\/\/www.helfterkamp.nl\/de\/unterkunfte\/mobilheim\/reservieren\/\">MobilheimXL<\/a><\/li>\n<\/ul>\n<\/div>\n<p>[\/vc_column_text][\/vc_column_inner][\/vc_row_inner][vc_row_inner][vc_column_inner][vc_separator css=&#8220;.vc_custom_1549875778722{margin-bottom: 50px !important;}&#8220;][\/vc_column_inner][\/vc_row_inner][vc_row_inner gap=&#8220;30&#8243;][vc_column_inner offset=&#8220;vc_col-lg-4 vc_col-md-4 vc_col-xs-12&#8243;][vc_column_text el_class=&#8220;marginbot30&#8243;]<\/p>\n<h2>Nehmen Sie Kontakt mit uns auf<\/h2>\n<p>Haben Sie eine Frage, eine Bitte oder einen Wunsch? Oder m\u00f6chten Sie Ihre Campingerfahrung mit uns teilen? Wir stehen Ihnen gerne telefonisch oder pers\u00f6nlich zur Verf\u00fcgung. Sie k\u00f6nnen uns auch mit diesem Kontaktformular erreichen.[\/vc_column_text][vc_raw_html]JTNDaW1nJTIwY2xhc3MlM0QlMjJ6d2V2ZW5kZWFmYmVlbGRpbmcyJTIyJTIwc3JjJTNEJTIyaHR0cHMlM0ElMkYlMkZ3d3cuaGVsZnRlcmthbXAubmwlMkZ3cC1jb250ZW50JTJGdXBsb2FkcyUyRjIwMjMlMkYwMiUyRnN0cmFuZGJhbF9jcmlzcC5wbmclMjIlM0U=[\/vc_raw_html][\/vc_column_inner][vc_column_inner offset=&#8220;vc_col-lg-8 vc_col-md-8 vc_col-xs-12&#8243;]\n<div class=\"wpcf7 no-js\" id=\"wpcf7-f2021-o1\" lang=\"nl-NL\" dir=\"ltr\" data-wpcf7-id=\"2021\">\n<div class=\"screen-reader-response\"><p role=\"status\" aria-live=\"polite\" aria-atomic=\"true\"><\/p> <ul><\/ul><\/div>\n<form action=\"\/de\/wp-json\/wp\/v2\/pages\/11305#wpcf7-f2021-o1\" method=\"post\" class=\"wpcf7-form init\" aria-label=\"Contactformulier\" novalidate=\"novalidate\" data-status=\"init\">\n<fieldset class=\"hidden-fields-container\"><input type=\"hidden\" name=\"_wpcf7\" value=\"2021\" \/><input type=\"hidden\" name=\"_wpcf7_version\" value=\"6.1.5\" \/><input type=\"hidden\" name=\"_wpcf7_locale\" value=\"nl_NL\" \/><input type=\"hidden\" name=\"_wpcf7_unit_tag\" value=\"wpcf7-f2021-o1\" \/><input type=\"hidden\" name=\"_wpcf7_container_post\" value=\"0\" \/><input type=\"hidden\" name=\"_wpcf7_posted_data_hash\" value=\"\" \/><input type=\"hidden\" name=\"_wpcf7cf_hidden_group_fields\" value=\"[]\" \/><input type=\"hidden\" name=\"_wpcf7cf_hidden_groups\" value=\"[]\" \/><input type=\"hidden\" name=\"_wpcf7cf_visible_groups\" value=\"[]\" \/><input type=\"hidden\" name=\"_wpcf7cf_repeaters\" value=\"[]\" \/><input type=\"hidden\" name=\"_wpcf7cf_steps\" value=\"{}\" \/><input type=\"hidden\" name=\"_wpcf7cf_options\" value=\"{&quot;form_id&quot;:2021,&quot;conditions&quot;:[],&quot;settings&quot;:{&quot;animation&quot;:&quot;yes&quot;,&quot;animation_intime&quot;:200,&quot;animation_outtime&quot;:200,&quot;conditions_ui&quot;:&quot;normal&quot;,&quot;notice_dismissed&quot;:false,&quot;repeater_remove_button&quot;:&quot;bottom&quot;,&quot;notice_dismissed_rollback-cf7-5.7.5.1&quot;:true,&quot;notice_dismissed_rollback-cf7-5.8.4&quot;:true,&quot;notice_dismissed_rollback-cf7-5.8.6&quot;:true,&quot;notice_dismissed_rollback-cf7-5.8.7&quot;:true,&quot;notice_dismissed_rollback-cf7-5.9.5&quot;:true}}\" \/><input type=\"hidden\" name=\"_wpcf7_recaptcha_response\" value=\"\" \/>\n<\/fieldset>\n<p><label> Ihr Name (Pflichtfeld)<br \/>\n<span class=\"wpcf7-form-control-wrap\" data-name=\"naam\"><input size=\"40\" maxlength=\"400\" class=\"wpcf7-form-control wpcf7-text wpcf7-validates-as-required\" aria-required=\"true\" aria-invalid=\"false\" placeholder=\"Name\" value=\"\" type=\"text\" name=\"naam\" \/><\/span> <\/label>\n<\/p>\n<p><label> Ihre E-Mailadresse (Pflichtfeld)<br \/>\n<span class=\"wpcf7-form-control-wrap\" data-name=\"email\"><input size=\"40\" maxlength=\"400\" class=\"wpcf7-form-control wpcf7-email wpcf7-validates-as-required wpcf7-text wpcf7-validates-as-email\" aria-required=\"true\" aria-invalid=\"false\" placeholder=\"E-mail\" value=\"\" type=\"email\" name=\"email\" \/><\/span> <\/label>\n<\/p>\n<p><label> Betrifft (Pflichtfeld)<br \/>\n<span class=\"wpcf7-form-control-wrap\" data-name=\"onderwerp\"><input size=\"40\" maxlength=\"400\" class=\"wpcf7-form-control wpcf7-text wpcf7-validates-as-required\" aria-required=\"true\" aria-invalid=\"false\" placeholder=\"Betreff\" value=\"\" type=\"text\" name=\"onderwerp\" \/><\/span> <\/label>\n<\/p>\n<p><label> Ihre Nachricht (Pflichtfeld)<br \/>\n<span class=\"wpcf7-form-control-wrap\" data-name=\"bericht\"><textarea cols=\"40\" rows=\"10\" maxlength=\"2000\" class=\"wpcf7-form-control wpcf7-textarea wpcf7-validates-as-required\" aria-required=\"true\" aria-invalid=\"false\" placeholder=\"Nachricht\" name=\"bericht\"><\/textarea><\/span> <\/label>\n<\/p>\n<p><span class=\"wpcf7-form-control-wrap\" data-name=\"privacyverklaring\"><span class=\"wpcf7-form-control wpcf7-acceptance\"><span class=\"wpcf7-list-item\"><input type=\"checkbox\" name=\"privacyverklaring\" value=\"1\" aria-invalid=\"false\" \/><\/span><\/span><\/span> Ich bin einverstanden mit der <a href=\"http:\/\/www.helfterkamp.nl\/de\/datenschutzerklarung\/\" target=\"blank\">Datenschutzerkl\u00e4rung<\/a> und gebe De Helfterkamp Zustimmung, Kontakt mit mir auf zu nehmen.\n<\/p>\n<div class=\"buttonswrapper\">\n\t<p><input class=\"wpcf7-form-control wpcf7-submit has-spinner\" type=\"submit\" value=\"Nachricht abschicken\" \/>\n\t<\/p>\n<\/div><div class=\"wpcf7-response-output\" aria-hidden=\"true\"><\/div>\n<\/form>\n<\/div>\n[\/vc_column_inner][\/vc_row_inner][\/vc_column][\/vc_row][vc_row full_width=&#8220;stretch_row&#8220; css=&#8220;.vc_custom_1543396289954{background-image: url(https:\/\/www.helfterkamp.nl\/wp-content\/uploads\/2023\/02\/De_Helfterkamp_keurmerk_background.jpg?id=392) !important;background-position: center !important;background-repeat: no-repeat !important;background-size: cover !important;}&#8220; el_class=&#8220;padding50&#8243;][vc_column][vc_column_text]<\/p>\n<h2 class=\"oranjeletters\">Gutesiegel auf die wir stolz sind<\/h2>\n<p>[\/vc_column_text]<style type=\"text\/css\" data-type=\"the7_shortcodes-inline-css\">.carousel-shortcode.carousel-shortcode-id-1d5ce1a77b9cd8b4b6bcf4fb7a958cbf.owl-carousel .owl-nav div {\n  width: 36px;\n  height: 36px;\n  border-radius: 0px;\n}\n.dt-arrow-border-on.carousel-shortcode.carousel-shortcode-id-1d5ce1a77b9cd8b4b6bcf4fb7a958cbf.owl-carousel .owl-nav div:not(:hover):before {\n  border-width: 0px;\n}\n.dt-arrow-hover-border-on.carousel-shortcode.carousel-shortcode-id-1d5ce1a77b9cd8b4b6bcf4fb7a958cbf.owl-carousel .owl-nav div:hover:after {\n  border-width: 0px;\n}\n.carousel-shortcode.carousel-shortcode-id-1d5ce1a77b9cd8b4b6bcf4fb7a958cbf.owl-carousel .owl-nav div.owl-prev {\n  top: calc(100% + 14px);\n  left: 50%;\n  transform: translateX(calc(-50% + -30px));\n}\n@media all and (-ms-high-contrast: none) {\n  .carousel-shortcode.carousel-shortcode-id-1d5ce1a77b9cd8b4b6bcf4fb7a958cbf.owl-carousel .owl-nav div.owl-prev {\n    transform: translateX(-50%);\n    margin-left: -30px;\n  }\n}\n.carousel-shortcode.carousel-shortcode-id-1d5ce1a77b9cd8b4b6bcf4fb7a958cbf.owl-carousel .owl-nav div.owl-prev i {\n  padding: 0px 0px 0px 0px;\n}\n.carousel-shortcode.carousel-shortcode-id-1d5ce1a77b9cd8b4b6bcf4fb7a958cbf.owl-carousel .owl-nav div.owl-next {\n  top: calc(100% + 14px);\n  left: 50%;\n  transform: translateX(calc(-50% + 30px));\n}\n@media all and (-ms-high-contrast: none) {\n  .carousel-shortcode.carousel-shortcode-id-1d5ce1a77b9cd8b4b6bcf4fb7a958cbf.owl-carousel .owl-nav div.owl-next {\n    transform: translateX(-50%);\n    margin-left: 30px;\n  }\n}\n.carousel-shortcode.carousel-shortcode-id-1d5ce1a77b9cd8b4b6bcf4fb7a958cbf.owl-carousel .owl-nav div.owl-next i {\n  padding: 0px 0px 0px 0px;\n}\n.carousel-shortcode.carousel-shortcode-id-1d5ce1a77b9cd8b4b6bcf4fb7a958cbf.owl-carousel .owl-nav i {\n  font-size: 18px;\n}\n.carousel-shortcode.carousel-shortcode-id-1d5ce1a77b9cd8b4b6bcf4fb7a958cbf.owl-carousel .owl-nav div:not(:hover) i,\n.carousel-shortcode.carousel-shortcode-id-1d5ce1a77b9cd8b4b6bcf4fb7a958cbf.owl-carousel .owl-nav div:not(:hover) i:before {\n  color: #ffffff;\n  background: none;\n}\n.carousel-shortcode.carousel-shortcode-id-1d5ce1a77b9cd8b4b6bcf4fb7a958cbf.owl-carousel .owl-nav div:hover i,\n.carousel-shortcode.carousel-shortcode-id-1d5ce1a77b9cd8b4b6bcf4fb7a958cbf.owl-carousel .owl-nav div:hover i:before {\n  color: rgba(255,255,255,0.75);\n  background: none;\n}\n.carousel-shortcode.carousel-shortcode-id-1d5ce1a77b9cd8b4b6bcf4fb7a958cbf .owl-dots {\n  top: calc(100% + 20px);\n  left: 50%;\n  transform: translateX(calc(-50% + 0px));\n}\n@media all and (-ms-high-contrast: none) {\n  .carousel-shortcode.carousel-shortcode-id-1d5ce1a77b9cd8b4b6bcf4fb7a958cbf .owl-dots {\n    transform: translateX(-50%);\n    margin-left: 0px;\n  }\n}\n.carousel-shortcode.carousel-shortcode-id-1d5ce1a77b9cd8b4b6bcf4fb7a958cbf .owl-dot {\n  width: 10px;\n  height: 10px;\n  margin: 0 8px;\n}\n@media screen and (max-width: 778px) {\n  .carousel-shortcode.carousel-shortcode-id-1d5ce1a77b9cd8b4b6bcf4fb7a958cbf.hide-arrows .owl-nav a {\n    display: none;\n  }\n}\n@media screen and (max-width: 778px) {\n  .carousel-shortcode.carousel-shortcode-id-1d5ce1a77b9cd8b4b6bcf4fb7a958cbf.reposition-arrows .owl-nav .owl-prev {\n    top: calc(100% + 14px);\n    left: 50%;\n    transform: translateX(calc(-50% + -18px));\n  }\n  .carousel-shortcode.carousel-shortcode-id-1d5ce1a77b9cd8b4b6bcf4fb7a958cbf.reposition-arrows .owl-nav .owl-next {\n    top: calc(100% + 14px);\n    left: 50%;\n    transform: translateX(calc(-50% + 18px));\n  }\n}\n@media screen and (max-width: 778px) and all and (-ms-high-contrast: none) {\n  .carousel-shortcode.carousel-shortcode-id-1d5ce1a77b9cd8b4b6bcf4fb7a958cbf.reposition-arrows .owl-nav .owl-prev {\n    transform: translateX(-50%);\n    margin-left: -18px;\n  }\n}\n@media screen and (max-width: 778px) and all and (-ms-high-contrast: none) {\n  .carousel-shortcode.carousel-shortcode-id-1d5ce1a77b9cd8b4b6bcf4fb7a958cbf.reposition-arrows .owl-nav .owl-next {\n    transform: translateX(-50%);\n    margin-left: 18px;\n  }\n}<\/style><div class=\"owl-carousel carousel-shortcode dt-owl-carousel-call carousel-shortcode-id-1d5ce1a77b9cd8b4b6bcf4fb7a958cbf bullets-small-dot-stroke reposition-arrows arrows-bg-on dt-arrow-border-on dt-arrow-hover-border-on disable-arrows-hover-bg arrows-hover-bg-on  \" data-scroll-mode=\"1\" data-col-num=\"4\" data-wide-col-num=\"6\" data-laptop-col=\"4\" data-h-tablet-columns-num=\"4\" data-v-tablet-columns-num=\"3\" data-phone-columns-num=\"3\" data-auto-height=\"true\" data-col-gap=\"30\" data-stage-padding=\"0\" data-speed=\"600\" data-autoplay=\"false\" data-autoplay_speed=\"6000\" data-arrows=\"true\" data-bullet=\"false\" data-next-icon=\"icon-ar-017-r\" data-prev-icon=\"icon-ar-017-l\">[vc_single_image image=&#8220;4278&#8243; img_size=&#8220;full&#8220; alignment=&#8220;center&#8220; onclick=&#8220;custom_link&#8220; img_link_target=&#8220;_blank&#8220; link=&#8220;https:\/\/www.anwbcamping.nl\/nederland\/gelderland\/camping-de-helfterkamp&#8220;][vc_single_image image=&#8220;4280&#8243; img_size=&#8220;full&#8220; alignment=&#8220;center&#8220; onclick=&#8220;custom_link&#8220; img_link_target=&#8220;_blank&#8220; link=&#8220;https:\/\/www.anwbcamping.nl\/nederland\/gelderland\/camping-de-helfterkamp&#8220;][vc_single_image image=&#8220;3506&#8243; img_size=&#8220;full&#8220; alignment=&#8220;center&#8220; onclick=&#8220;custom_link&#8220; img_link_target=&#8220;_blank&#8220; link=&#8220;https:\/\/www.anwbcamping.nl\/nederland\/gelderland\/camping-de-helfterkamp&#8220;][vc_single_image image=&#8220;3095&#8243; img_size=&#8220;full&#8220; alignment=&#8220;center&#8220; onclick=&#8220;custom_link&#8220; img_link_target=&#8220;_blank&#8220; link=&#8220;https:\/\/www.charmecamping.nl\/nederland\/gelderland\/veluwe\/camping-de-helfterkamp\/&#8220;][vc_single_image image=&#8220;3076&#8243; img_size=&#8220;full&#8220; alignment=&#8220;center&#8220; onclick=&#8220;custom_link&#8220; img_link_target=&#8220;_blank&#8220; link=&#8220;https:\/\/www.anwbcamping.nl\/nederland\/gelderland\/camping-de-helfterkamp&#8220;][vc_single_image image=&#8220;3266&#8243; img_size=&#8220;full&#8220; alignment=&#8220;center&#8220; onclick=&#8220;custom_link&#8220; img_link_target=&#8220;_blank&#8220; link=&#8220;https:\/\/www.kgc.nl\/&#8220;][vc_single_image image=&#8220;3068&#8243; img_size=&#8220;full&#8220; alignment=&#8220;center&#8220; onclick=&#8220;custom_link&#8220; img_link_target=&#8220;_blank&#8220; link=&#8220;https:\/\/www.eurocampings.nl\/nederland\/gelderland\/vaassen\/camping-de-helfterkamp-105619\/?l=region&#8220;][vc_single_image image=&#8220;3082&#8243; img_size=&#8220;full&#8220; alignment=&#8220;center&#8220; onclick=&#8220;custom_link&#8220; img_link_target=&#8220;_blank&#8220; link=&#8220;https:\/\/www.campingnavigator.com\/nl\/best-deal-camping-card\/&#8220;][vc_single_image image=&#8220;3066&#8243; img_size=&#8220;full&#8220; alignment=&#8220;center&#8220; onclick=&#8220;custom_link&#8220; img_link_target=&#8220;_blank&#8220; link=&#8220;https:\/\/vvvepe.nl\/&#8220;]<\/div>[\/vc_column][\/vc_row]<\/p>\n<\/div>","protected":false},"excerpt":{"rendered":"<p>[vc_row full_width=&#8220;stretch_row&#8220; gap=&#8220;30&#8243; el_class=&#8220;paddingbot50&#8243;][vc_column][vc_row_inner gap=&#8220;30&#8243; el_class=&#8220;marginbot30&#8243;][vc_column_inner el_class=&#8220;contactbox&#8220; offset=&#8220;vc_col-lg-4 vc_col-md-4 vc_col-xs-12&#8243;][vc_single_image image=&#8220;2995&#8243; img_size=&#8220;full&#8220; alignment=&#8220;center&#8220; el_class=&#8220;marginbot30&#8243;][vc_column_text el_class=&#8220;marginbot30&#8243;] location_on Gortelseweg 24 8171 RA, Vaassen emailinfo@helfterkamp.nl phone+31 (0)578-57 18 39[\/vc_column_text][vc_column_text] Offnungszeiten: Der Campingplatz ist vom 1. M\u00e4rz bis 31. Oktober ge\u00f6ffnet. Den Rest des Jahres sind wir geschlossen und per E-Mail erreichbar.[\/vc_column_text][\/vc_column_inner][vc_column_inner offset=&#8220;vc_col-lg-8 vc_col-md-8 vc_col-xs-12&#8243;][vc_column_text el_class=&#8220;marginbot30&#8243;] Kontakt mit dem&hellip;<\/p>\n","protected":false},"author":1,"featured_media":0,"parent":0,"menu_order":7,"comment_status":"closed","ping_status":"closed","template":"","meta":{"inline_featured_image":false,"footnotes":""},"class_list":["post-11305","page","type-page","status-publish","hentry","description-off"],"_links":{"self":[{"href":"https:\/\/www.helfterkamp.nl\/de\/wp-json\/wp\/v2\/pages\/11305","targetHints":{"allow":["GET"]}}],"collection":[{"href":"https:\/\/www.helfterkamp.nl\/de\/wp-json\/wp\/v2\/pages"}],"about":[{"href":"https:\/\/www.helfterkamp.nl\/de\/wp-json\/wp\/v2\/types\/page"}],"author":[{"embeddable":true,"href":"https:\/\/www.helfterkamp.nl\/de\/wp-json\/wp\/v2\/users\/1"}],"replies":[{"embeddable":true,"href":"https:\/\/www.helfterkamp.nl\/de\/wp-json\/wp\/v2\/comments?post=11305"}],"version-history":[{"count":0,"href":"https:\/\/www.helfterkamp.nl\/de\/wp-json\/wp\/v2\/pages\/11305\/revisions"}],"wp:attachment":[{"href":"https:\/\/www.helfterkamp.nl\/de\/wp-json\/wp\/v2\/media?parent=11305"}],"curies":[{"name":"wp","href":"https:\/\/api.w.org\/{rel}","templated":true}]}}