{"id":11329,"date":"2023-02-03T16:16:50","date_gmt":"2023-02-03T15:16:50","guid":{"rendered":"https:\/\/www.helfterkamp.nl\/umgebung\/"},"modified":"2023-04-10T18:37:21","modified_gmt":"2023-04-10T16:37:21","slug":"umgebung","status":"publish","type":"page","link":"https:\/\/www.helfterkamp.nl\/de\/umgebung\/","title":{"rendered":"Umgebung"},"content":{"rendered":"<div class=\"wpb-content-wrapper\"><p>[vc_row full_width=&#8220;stretch_row_content_no_spaces&#8220; css=&#8220;.vc_custom_1543327538311{margin-top: -50px !important;}&#8220;][vc_column][vc_column_text el_class=&#8220;overlaycontainer&#8220;]<\/p>\n<div class=\"mapsoverlay\">\n<h2 class=\"witteletters\">Entdecke die Umgebung<\/h2>\n<div class=\"legenda\">\n<p><img decoding=\"async\" src=\"https:\/\/www.helfterkamp.nl\/wp-content\/uploads\/2023\/02\/De_helfterkamp.png\" \/><\/p>\n<p><strong>Camping De Helfterkamp<\/strong><br \/>\nGortelseweg 24, 8171 RA Vaassen<\/div>\n<div class=\"legenda\">\n<p><img decoding=\"async\" src=\"https:\/\/www.helfterkamp.nl\/wp-content\/uploads\/2023\/02\/dagjeweg.png\" \/><\/p>\n<p><strong>Tagesausflug<\/strong><\/div>\n<div class=\"legenda\">\n<p><img decoding=\"async\" src=\"https:\/\/www.helfterkamp.nl\/wp-content\/uploads\/2023\/02\/ontspannen.png\" \/><\/p>\n<p><strong>Entspannen<\/strong><\/div>\n<div class=\"legenda\">\n<p><img decoding=\"async\" src=\"https:\/\/www.helfterkamp.nl\/wp-content\/uploads\/2023\/02\/uiteten.png\" \/><\/p>\n<p><strong>Essen gehen<\/strong><\/div>\n<div class=\"legenda\">\n<p><img decoding=\"async\" src=\"https:\/\/www.helfterkamp.nl\/wp-content\/uploads\/2023\/02\/Nature.png\" \/><\/p>\n<p><strong>Natur<\/strong><\/div>\n<div class=\"legenda\">\n<p><img decoding=\"async\" src=\"https:\/\/www.helfterkamp.nl\/wp-content\/uploads\/2023\/02\/wild.png\" \/><\/p>\n<p><strong>Wild suchen<\/strong><br \/>\nErh\u00e4ltlich an der Rezeption.<\/div>\n<div class=\"legenda\">\n<p><img decoding=\"async\" src=\"https:\/\/www.helfterkamp.nl\/wp-content\/uploads\/2023\/02\/wandellen.png\" \/><\/p>\n<p><strong>Wanderwegen<\/strong><br \/>\nErh\u00e4ltlich an der Rezeption.<\/div>\n<div class=\"legenda\">\n<p><img decoding=\"async\" src=\"https:\/\/www.helfterkamp.nl\/wp-content\/uploads\/2023\/02\/Fietsen.png\" \/><\/p>\n<p><strong>Radwege<\/strong><br \/>\nErh\u00e4ltlich an der Rezeption.<\/div>\n<div class=\"legenda\">\n<p><img decoding=\"async\" src=\"https:\/\/www.helfterkamp.nl\/wp-content\/uploads\/2023\/02\/Zwemmen.png\" \/><\/p>\n<p><strong>Schwimmb\u00e4der<\/strong><br \/>\nErh\u00e4ltlich an der Rezeption.<\/div>\n<\/div>\n<p>[\/vc_column_text][vc_column_text]<div id=\"wpgmza_map\" class=\"wpgmza_map\" data-settings='{\"id\":\"1\",\"map_title\":\"Mijn eerste kaart\",\"map_width\":\"100\",\"map_height\":\"400\",\"map_start_lat\":\"45.950464398418106\",\"map_start_lng\":\"-109.81550500000003\",\"map_start_location\":\"45.950464398418106,-109.81550500000003\",\"map_start_zoom\":\"4\",\"default_marker\":\"\",\"type\":\"1\",\"alignment\":\"4\",\"directions_enabled\":\"0\",\"styling_enabled\":\"0\",\"styling_json\":\"\",\"active\":\"0\",\"kml\":\"\",\"bicycle\":\"0\",\"traffic\":\"0\",\"dbox\":\"0\",\"dbox_width\":\"\",\"listmarkers\":\"0\",\"listmarkers_advanced\":\"0\",\"filterbycat\":\"0\",\"ugm_enabled\":\"0\",\"ugm_category_enabled\":\"0\",\"fusion\":\"\",\"map_width_type\":\"%\",\"map_height_type\":\"px\",\"mass_marker_support\":\"0\",\"ugm_access\":\"0\",\"order_markers_by\":\"0\",\"order_markers_choice\":\"0\",\"show_user_location\":\"0\",\"default_to\":\"\",\"other_settings\":{\"map_type\":1,\"sl_stroke_color\":\"\",\"sl_fill_color\":\"\",\"sl_stroke_opacity\":\"\",\"sl_fill_opacity\":\"\",\"transport_layer\":false,\"action\":\"wpgmza_save_map\",\"redirect_to\":\"\\\/wp-admin\\\/admin-post.php\",\"map_id\":\"1\",\"http_referer\":\"\\\/wp-admin\\\/admin.php?page=wp-google-maps-menu&amp;amp;action=edit&amp;amp;map_id=1\",\"wpgmza_id\":\"1\",\"wpgmza_start_location\":\"45.950464398418106,-109.81550500000003\",\"wpgmza_start_zoom\":\"4\",\"wpgmza_theme_data\":\"\",\"store_locator_enabled\":false,\"store_locator_search_area\":\"radial\",\"wpgmza_store_locator_radius_style\":\"legacy\",\"wpgmza_store_locator_default_radius\":\"10\",\"store_locator_auto_area_max_zoom\":\"\",\"store_locator_distance\":false,\"wpgmza_store_locator_position\":false,\"store_locator_show_distance\":false,\"store_locator_category\":false,\"wpgmza_store_locator_use_their_location\":false,\"wpgmza_store_locator_bounce\":false,\"wpgmza_sl_animation\":null,\"wpgmza_store_locator_hide_before_search\":false,\"store_locator_query_string\":\"\",\"store_locator_location_placeholder\":\"\",\"store_locator_default_address\":\"\",\"store_locator_name_search\":false,\"store_locator_name_string\":\"\",\"store_locator_not_found_message\":\"\",\"wpgmza_map_align\":\"1\",\"jump_to_nearest_marker_on_initialization\":false,\"automatically_pan_to_users_location\":false,\"override_users_location_zoom_level\":false,\"override_users_location_zoom_levels\":\"\",\"show_distance_from_location\":false,\"map_max_zoom\":\"21\",\"map_min_zoom\":\"0\",\"click_open_link\":false,\"fit_maps_bounds_to_markers\":false,\"fit_maps_bounds_to_markers_after_filtering\":false,\"hide_point_of_interest\":false,\"wpgmza_zoom_on_marker_click\":false,\"wpgmza_zoom_on_marker_click_slider\":\"\",\"close_infowindow_on_map_click\":false,\"disable_lightbox_images\":false,\"use_Raw_Jpeg_Coordinates\":false,\"polygon_labels\":false,\"disable_polygon_info_windows\":false,\"enable_marker_ratings\":false,\"only_load_markers_within_viewport\":false,\"iw_primary_color\":\"#000000\",\"iw_accent_color\":\"#000000\",\"iw_text_color\":\"#000000\",\"wpgmza_listmarkers_by\":\"0\",\"wpgmza_marker_listing_position\":false,\"wpgmza_push_in_map\":false,\"wpgmza_push_in_map_placement\":null,\"wpgmza_push_in_map_width\":\"\",\"wpgmza_push_in_map_height\":\"\",\"zoom_level_on_marker_listing_override\":false,\"zoom_level_on_marker_listing_click\":\"\",\"marker_listing_disable_zoom\":false,\"datatable_no_result_message\":\"\",\"remove_search_box_datables\":false,\"dataTable_pagination_style\":null,\"datatable_search_string\":\"\",\"datatable_result_start\":\"\",\"datatable_result_of\":\"\",\"datatable_result_to\":\"\",\"datatable_result_total\":\"\",\"datatable_result_show\":\"\",\"datatable_result_entries\":\"\",\"wpgmza_savemap\":\"Kaart opslaan \\u00bb\"}}' data-map-id='1' Data-maps-engine='google-maps' data-shortcode-attributes='{\"id\":\"1\"}' style=\"display:block; overflow:auto; width:100%; height:400px; float:left;\"><\/div>[\/vc_column_text][\/vc_column][\/vc_row][vc_row full_width=&#8220;stretch_row&#8220; gap=&#8220;30&#8243; el_class=&#8220;padding50&#8243;][vc_column][vc_raw_html]JTNDaW1nJTIwY2xhc3MlM0QlMjJ6d2V2ZW5kZWFmYmVlbGRpbmclMjIlMjBzcmMlM0QlMjJodHRwcyUzQSUyRiUyRnd3dy5oZWxmdGVya2FtcC5ubCUyRndwLWNvbnRlbnQlMkZ1cGxvYWRzJTJGMjAyMyUyRjAyJTJGc3RyYW5kYmFsX2NyaXNwLnBuZyUyMiUzRQ==[\/vc_raw_html][\/vc_column][vc_column el_class=&#8220;accomodaties&#8220; offset=&#8220;vc_col-lg-6 vc_col-md-6 vc_col-xs-12&#8243;][vc_row_inner el_class=&#8220;hovertest&#8220;][vc_column_inner][vc_column_text]<a class=\"labelverfveeg\" href=\"https:\/\/www.dekoperenezel.nl\/nl\/\" target=\"blank\" rel=\"noopener noreferrer\">Koperen ezel<\/a>[\/vc_column_text][vc_single_image image=&#8220;3725&#8243; img_size=&#8220;full&#8220; onclick=&#8220;custom_link&#8220; img_link_target=&#8220;_blank&#8220; el_class=&#8220;kleineafbeelding&#8220; link=&#8220;https:\/\/www.dekoperenezel.nl\/nl\/&#8220;][\/vc_column_inner][\/vc_row_inner][\/vc_column][vc_column offset=&#8220;vc_col-lg-6 vc_col-md-6 vc_col-xs-12&#8243;][vc_row_inner el_class=&#8220;hovertest&#8220;][vc_column_inner][vc_column_text]<a class=\"labelverfveeg\" href=\"https:\/\/www.schaapskudde-epe-heerde.nl\/index.php\" target=\"_blank\" rel=\"noopener noreferrer\">Schaapskooi<\/a>[\/vc_column_text][vc_single_image image=&#8220;3772&#8243; img_size=&#8220;full&#8220; onclick=&#8220;custom_link&#8220; img_link_target=&#8220;_blank&#8220; el_class=&#8220;kleineafbeelding&#8220; link=&#8220;https:\/\/www.schaapskudde-epe-heerde.nl\/index.php&#8220;][\/vc_column_inner][\/vc_row_inner][\/vc_column][vc_column][vc_raw_html]JTNDaW1nJTIwY2xhc3MlM0QlMjJ6d2V2ZW5kZWFmYmVlbGRpbmcyJTIyJTIwc3JjJTNEJTIyaHR0cHMlM0ElMkYlMkZ3d3cuaGVsZnRlcmthbXAubmwlMkZ3cC1jb250ZW50JTJGdXBsb2FkcyUyRjIwMjMlMkYwMiUyRk1lbG9uX2JsdXJlZC5wbmclMjIlM0U=[\/vc_raw_html][vc_row_inner el_class=&#8220;hovertest&#8220;][vc_column_inner][vc_column_text]<a class=\"labelverfveeg\" href=\"https:\/\/www.paleishetloo.nl\/\" target=\"blank\" rel=\"noopener noreferrer\">Paleis het Loo<\/a>[\/vc_column_text][vc_single_image image=&#8220;3744&#8243; img_size=&#8220;full&#8220; alignment=&#8220;center&#8220; onclick=&#8220;custom_link&#8220; img_link_target=&#8220;_blank&#8220; el_class=&#8220;langeafbeelding&#8220; link=&#8220;https:\/\/www.paleishetloo.nl\/&#8220;][\/vc_column_inner][\/vc_row_inner][\/vc_column][vc_column offset=&#8220;vc_col-lg-6 vc_col-md-6 vc_col-xs-12&#8243;][vc_row_inner el_class=&#8220;hovertest&#8220;][vc_column_inner][vc_column_text]<a class=\"labelverfveeg\" href=\"https:\/\/www.visitveluwe.nl\/\" target=\"blank\" rel=\"noopener noreferrer\">Visit Veluwe<\/a>[\/vc_column_text][vc_single_image image=&#8220;3806&#8243; img_size=&#8220;full&#8220; onclick=&#8220;custom_link&#8220; img_link_target=&#8220;_blank&#8220; el_class=&#8220;kleineafbeelding&#8220; link=&#8220;https:\/\/www.visitveluwe.nl\/&#8220;][\/vc_column_inner][\/vc_row_inner][\/vc_column][vc_column offset=&#8220;vc_col-lg-6 vc_col-md-6 vc_col-xs-12&#8243;][vc_row_inner el_class=&#8220;hovertest&#8220;][vc_column_inner][vc_column_text]<a class=\"labelverfveeg\" href=\"https:\/\/www.gewooninapeldoorn.nl\/vrije-tijd\/\" target=\"blank\" rel=\"noopener noreferrer\">Uit in Apeldoorn<\/a>[\/vc_column_text][vc_single_image image=&#8220;3792&#8243; img_size=&#8220;full&#8220; onclick=&#8220;custom_link&#8220; img_link_target=&#8220;_blank&#8220; el_class=&#8220;kleineafbeelding&#8220; link=&#8220;https:\/\/www.gewooninapeldoorn.nl\/vrije-tijd\/&#8220;][\/vc_column_inner][\/vc_row_inner][\/vc_column][\/vc_row][vc_row full_width=&#8220;stretch_row&#8220; css=&#8220;.vc_custom_1543396289954{background-image: url(https:\/\/www.helfterkamp.nl\/wp-content\/uploads\/2023\/02\/De_Helfterkamp_keurmerk_background.jpg?id=392) !important;background-position: center !important;background-repeat: no-repeat !important;background-size: cover !important;}&#8220; el_class=&#8220;padding50&#8243;][vc_column][vc_column_text]<\/p>\n<h2 class=\"oranjeletters\">Gutesiegel auf die wir stolz sind<\/h2>\n<p>[\/vc_column_text]<style type=\"text\/css\" data-type=\"the7_shortcodes-inline-css\">.carousel-shortcode.carousel-shortcode-id-1d5ce1a77b9cd8b4b6bcf4fb7a958cbf.owl-carousel .owl-nav div {\n  width: 36px;\n  height: 36px;\n  border-radius: 0px;\n}\n.dt-arrow-border-on.carousel-shortcode.carousel-shortcode-id-1d5ce1a77b9cd8b4b6bcf4fb7a958cbf.owl-carousel .owl-nav div:not(:hover):before {\n  border-width: 0px;\n}\n.dt-arrow-hover-border-on.carousel-shortcode.carousel-shortcode-id-1d5ce1a77b9cd8b4b6bcf4fb7a958cbf.owl-carousel .owl-nav div:hover:after {\n  border-width: 0px;\n}\n.carousel-shortcode.carousel-shortcode-id-1d5ce1a77b9cd8b4b6bcf4fb7a958cbf.owl-carousel .owl-nav div.owl-prev {\n  top: calc(100% + 14px);\n  left: 50%;\n  transform: translateX(calc(-50% + -30px));\n}\n@media all and (-ms-high-contrast: none) {\n  .carousel-shortcode.carousel-shortcode-id-1d5ce1a77b9cd8b4b6bcf4fb7a958cbf.owl-carousel .owl-nav div.owl-prev {\n    transform: translateX(-50%);\n    margin-left: -30px;\n  }\n}\n.carousel-shortcode.carousel-shortcode-id-1d5ce1a77b9cd8b4b6bcf4fb7a958cbf.owl-carousel .owl-nav div.owl-prev i {\n  padding: 0px 0px 0px 0px;\n}\n.carousel-shortcode.carousel-shortcode-id-1d5ce1a77b9cd8b4b6bcf4fb7a958cbf.owl-carousel .owl-nav div.owl-next {\n  top: calc(100% + 14px);\n  left: 50%;\n  transform: translateX(calc(-50% + 30px));\n}\n@media all and (-ms-high-contrast: none) {\n  .carousel-shortcode.carousel-shortcode-id-1d5ce1a77b9cd8b4b6bcf4fb7a958cbf.owl-carousel .owl-nav div.owl-next {\n    transform: translateX(-50%);\n    margin-left: 30px;\n  }\n}\n.carousel-shortcode.carousel-shortcode-id-1d5ce1a77b9cd8b4b6bcf4fb7a958cbf.owl-carousel .owl-nav div.owl-next i {\n  padding: 0px 0px 0px 0px;\n}\n.carousel-shortcode.carousel-shortcode-id-1d5ce1a77b9cd8b4b6bcf4fb7a958cbf.owl-carousel .owl-nav i {\n  font-size: 18px;\n}\n.carousel-shortcode.carousel-shortcode-id-1d5ce1a77b9cd8b4b6bcf4fb7a958cbf.owl-carousel .owl-nav div:not(:hover) i,\n.carousel-shortcode.carousel-shortcode-id-1d5ce1a77b9cd8b4b6bcf4fb7a958cbf.owl-carousel .owl-nav div:not(:hover) i:before {\n  color: #ffffff;\n  background: none;\n}\n.carousel-shortcode.carousel-shortcode-id-1d5ce1a77b9cd8b4b6bcf4fb7a958cbf.owl-carousel .owl-nav div:hover i,\n.carousel-shortcode.carousel-shortcode-id-1d5ce1a77b9cd8b4b6bcf4fb7a958cbf.owl-carousel .owl-nav div:hover i:before {\n  color: rgba(255,255,255,0.75);\n  background: none;\n}\n.carousel-shortcode.carousel-shortcode-id-1d5ce1a77b9cd8b4b6bcf4fb7a958cbf .owl-dots {\n  top: calc(100% + 20px);\n  left: 50%;\n  transform: translateX(calc(-50% + 0px));\n}\n@media all and (-ms-high-contrast: none) {\n  .carousel-shortcode.carousel-shortcode-id-1d5ce1a77b9cd8b4b6bcf4fb7a958cbf .owl-dots {\n    transform: translateX(-50%);\n    margin-left: 0px;\n  }\n}\n.carousel-shortcode.carousel-shortcode-id-1d5ce1a77b9cd8b4b6bcf4fb7a958cbf .owl-dot {\n  width: 10px;\n  height: 10px;\n  margin: 0 8px;\n}\n@media screen and (max-width: 778px) {\n  .carousel-shortcode.carousel-shortcode-id-1d5ce1a77b9cd8b4b6bcf4fb7a958cbf.hide-arrows .owl-nav a {\n    display: none;\n  }\n}\n@media screen and (max-width: 778px) {\n  .carousel-shortcode.carousel-shortcode-id-1d5ce1a77b9cd8b4b6bcf4fb7a958cbf.reposition-arrows .owl-nav .owl-prev {\n    top: calc(100% + 14px);\n    left: 50%;\n    transform: translateX(calc(-50% + -18px));\n  }\n  .carousel-shortcode.carousel-shortcode-id-1d5ce1a77b9cd8b4b6bcf4fb7a958cbf.reposition-arrows .owl-nav .owl-next {\n    top: calc(100% + 14px);\n    left: 50%;\n    transform: translateX(calc(-50% + 18px));\n  }\n}\n@media screen and (max-width: 778px) and all and (-ms-high-contrast: none) {\n  .carousel-shortcode.carousel-shortcode-id-1d5ce1a77b9cd8b4b6bcf4fb7a958cbf.reposition-arrows .owl-nav .owl-prev {\n    transform: translateX(-50%);\n    margin-left: -18px;\n  }\n}\n@media screen and (max-width: 778px) and all and (-ms-high-contrast: none) {\n  .carousel-shortcode.carousel-shortcode-id-1d5ce1a77b9cd8b4b6bcf4fb7a958cbf.reposition-arrows .owl-nav .owl-next {\n    transform: translateX(-50%);\n    margin-left: 18px;\n  }\n}<\/style><div class=\"owl-carousel carousel-shortcode dt-owl-carousel-call carousel-shortcode-id-1d5ce1a77b9cd8b4b6bcf4fb7a958cbf bullets-small-dot-stroke reposition-arrows arrows-bg-on dt-arrow-border-on dt-arrow-hover-border-on disable-arrows-hover-bg arrows-hover-bg-on  \" data-scroll-mode=\"1\" data-col-num=\"4\" data-wide-col-num=\"6\" data-laptop-col=\"4\" data-h-tablet-columns-num=\"4\" data-v-tablet-columns-num=\"3\" data-phone-columns-num=\"3\" data-auto-height=\"true\" data-col-gap=\"30\" data-stage-padding=\"0\" data-speed=\"600\" data-autoplay=\"false\" data-autoplay_speed=\"6000\" data-arrows=\"true\" data-bullet=\"false\" data-next-icon=\"icon-ar-017-r\" data-prev-icon=\"icon-ar-017-l\">[vc_single_image image=&#8220;4278&#8243; img_size=&#8220;full&#8220; alignment=&#8220;center&#8220; onclick=&#8220;custom_link&#8220; img_link_target=&#8220;_blank&#8220; link=&#8220;https:\/\/www.anwbcamping.nl\/nederland\/gelderland\/camping-de-helfterkamp&#8220;][vc_single_image image=&#8220;4280&#8243; img_size=&#8220;full&#8220; alignment=&#8220;center&#8220; onclick=&#8220;custom_link&#8220; img_link_target=&#8220;_blank&#8220; link=&#8220;https:\/\/www.anwbcamping.nl\/nederland\/gelderland\/camping-de-helfterkamp&#8220;][vc_single_image image=&#8220;3506&#8243; img_size=&#8220;full&#8220; alignment=&#8220;center&#8220; onclick=&#8220;custom_link&#8220; img_link_target=&#8220;_blank&#8220; link=&#8220;https:\/\/www.anwbcamping.nl\/nederland\/gelderland\/camping-de-helfterkamp&#8220;][vc_single_image image=&#8220;3095&#8243; img_size=&#8220;full&#8220; alignment=&#8220;center&#8220; onclick=&#8220;custom_link&#8220; img_link_target=&#8220;_blank&#8220; link=&#8220;https:\/\/www.charmecamping.nl\/nederland\/gelderland\/veluwe\/camping-de-helfterkamp\/&#8220;][vc_single_image image=&#8220;3076&#8243; img_size=&#8220;full&#8220; alignment=&#8220;center&#8220; onclick=&#8220;custom_link&#8220; img_link_target=&#8220;_blank&#8220; link=&#8220;https:\/\/www.anwbcamping.nl\/nederland\/gelderland\/camping-de-helfterkamp&#8220;][vc_single_image image=&#8220;3266&#8243; img_size=&#8220;full&#8220; alignment=&#8220;center&#8220; onclick=&#8220;custom_link&#8220; img_link_target=&#8220;_blank&#8220; link=&#8220;https:\/\/www.kgc.nl\/&#8220;][vc_single_image image=&#8220;3068&#8243; img_size=&#8220;full&#8220; alignment=&#8220;center&#8220; onclick=&#8220;custom_link&#8220; img_link_target=&#8220;_blank&#8220; link=&#8220;https:\/\/www.eurocampings.nl\/nederland\/gelderland\/vaassen\/camping-de-helfterkamp-105619\/?l=region&#8220;][vc_single_image image=&#8220;3082&#8243; img_size=&#8220;full&#8220; alignment=&#8220;center&#8220; onclick=&#8220;custom_link&#8220; img_link_target=&#8220;_blank&#8220; link=&#8220;https:\/\/www.campingnavigator.com\/nl\/best-deal-camping-card\/&#8220;][vc_single_image image=&#8220;3066&#8243; img_size=&#8220;full&#8220; alignment=&#8220;center&#8220; onclick=&#8220;custom_link&#8220; img_link_target=&#8220;_blank&#8220; link=&#8220;https:\/\/vvvepe.nl\/&#8220;]<\/div>[\/vc_column][\/vc_row]<\/p>\n<\/div>","protected":false},"excerpt":{"rendered":"<p>[vc_row full_width=&#8220;stretch_row_content_no_spaces&#8220; css=&#8220;.vc_custom_1543327538311{margin-top: -50px !important;}&#8220;][vc_column][vc_column_text el_class=&#8220;overlaycontainer&#8220;] Entdecke die Umgebung Camping De Helfterkamp Gortelseweg 24, 8171 RA Vaassen Tagesausflug Entspannen Essen gehen Natur Wild suchen Erh\u00e4ltlich an der Rezeption. Wanderwegen Erh\u00e4ltlich an der Rezeption. Radwege Erh\u00e4ltlich an der Rezeption. Schwimmb\u00e4der Erh\u00e4ltlich an der Rezeption. [\/vc_column_text][vc_column_text][\/vc_column_text][\/vc_column][\/vc_row][vc_row full_width=&#8220;stretch_row&#8220; gap=&#8220;30&#8243; el_class=&#8220;padding50&#8243;][vc_column][vc_raw_html]JTNDaW1nJTIwY2xhc3MlM0QlMjJ6d2V2ZW5kZWFmYmVlbGRpbmclMjIlMjBzcmMlM0QlMjJodHRwcyUzQSUyRiUyRnd3dy5oZWxmdGVya2FtcC5ubCUyRndwLWNvbnRlbnQlMkZ1cGxvYWRzJTJGMjAyMyUyRjAyJTJGc3RyYW5kYmFsX2NyaXNwLnBuZyUyMiUzRQ==[\/vc_raw_html][\/vc_column][vc_column el_class=&#8220;accomodaties&#8220; offset=&#8220;vc_col-lg-6 vc_col-md-6 vc_col-xs-12&#8243;][vc_row_inner el_class=&#8220;hovertest&#8220;][vc_column_inner][vc_column_text]Koperen ezel[\/vc_column_text][vc_single_image image=&#8220;3725&#8243; img_size=&#8220;full&#8220;&hellip;<\/p>\n","protected":false},"author":1,"featured_media":0,"parent":0,"menu_order":6,"comment_status":"closed","ping_status":"closed","template":"","meta":{"inline_featured_image":false,"footnotes":""},"class_list":["post-11329","page","type-page","status-publish","hentry","description-off"],"_links":{"self":[{"href":"https:\/\/www.helfterkamp.nl\/de\/wp-json\/wp\/v2\/pages\/11329","targetHints":{"allow":["GET"]}}],"collection":[{"href":"https:\/\/www.helfterkamp.nl\/de\/wp-json\/wp\/v2\/pages"}],"about":[{"href":"https:\/\/www.helfterkamp.nl\/de\/wp-json\/wp\/v2\/types\/page"}],"author":[{"embeddable":true,"href":"https:\/\/www.helfterkamp.nl\/de\/wp-json\/wp\/v2\/users\/1"}],"replies":[{"embeddable":true,"href":"https:\/\/www.helfterkamp.nl\/de\/wp-json\/wp\/v2\/comments?post=11329"}],"version-history":[{"count":0,"href":"https:\/\/www.helfterkamp.nl\/de\/wp-json\/wp\/v2\/pages\/11329\/revisions"}],"wp:attachment":[{"href":"https:\/\/www.helfterkamp.nl\/de\/wp-json\/wp\/v2\/media?parent=11329"}],"curies":[{"name":"wp","href":"https:\/\/api.w.org\/{rel}","templated":true}]}}