{"id":11475,"date":"2023-02-04T16:16:17","date_gmt":"2023-02-04T15:16:17","guid":{"rendered":"https:\/\/www.helfterkamp.nl\/unterkuenfte\/"},"modified":"2023-04-10T19:35:21","modified_gmt":"2023-04-10T17:35:21","slug":"unterkuenfte","status":"publish","type":"page","link":"https:\/\/www.helfterkamp.nl\/de\/unterkuenfte\/","title":{"rendered":"Unterk\u00fcnfte"},"content":{"rendered":"<div class=\"wpb-content-wrapper\"><p>[vc_row full_width=&#8220;stretch_row&#8220; gap=&#8220;30&#8243; el_class=&#8220;paddingbot50 halvecontentblok&#8220;][vc_column][vc_column_text]<\/p>\n<h1>Gepflegte und komfortable Unterkunft mieten auf der niederlandischen Veluwe<\/h1>\n<p>Ruhe, Gastfreundschaft und Gem\u00fctlichkeit \u2013 das ist das Erste, das Ihnen auff\u00e4llt, wenn Sie bei De Helfterkamp ankommen. Dazu kommen die wundersch\u00f6ne, waldreiche Umgebung, die gut gewarteten Campingwiesen und das ausgezeichnete Serviceangebot \u2013 was kann man sich noch mehr w\u00fcnschen? Welche Unterkunft Sie auch bevorzugen \u2013 bei uns haben Sie die Wahl aus komplett eingerichteten Wohnwagen, Mobilheimen oder einem ger\u00e4umigen Bungalow mit Garten. Nat\u00fcrlich sind Sie auch mit Ihrem eigenen Zelt, Wohnwagen oder Wohnmobil bei uns herzlich willkommen. Unsere Wiesen sind gro\u00dfz\u00fcgig angelegt und praktisch eingeteilt.<br \/>\nDe Helfterkamp ist einfach ideal f\u00fcr Familien mit Kindern und f\u00fcr alle, die Ruhe und Entspannung in der Natur suchen. Sie haben die Wahl zwischen Campingwiesen mit oder ohne Spielplatz. Die wiesen mit Kinderspielplatz sind so eingerichtet, dass Sie von Ihrer Unterkunft oder Ihrem Stellplatz aus immer Sicht auf die Ger\u00e4te haben. Alle Wiesen liegen mitten im Gr\u00fcnen. Die Stellpl\u00e4tze und Unterk\u00fcnfte liegen am Rande der Wiesen \u2013 das sorgt f\u00fcr das optimale Erleben von Weite, Stille und Natur.<\/p>\n<p>&nbsp;<\/p>\n<p><strong>De Helfterkamp: die Natur erleben in gepflegter Umgebung<\/strong><\/p>\n<div class=\"kolom standard-arrow\">\n<ul>\n<li>Gro\u00dfe Campingwiesen, mit oder ohne Spielplatz<\/li>\n<li>Moderne und ger\u00e4umige Sanit\u00e4ranlagen mit Fu\u00dfbodenheizung<\/li>\n<li>Rezeption und Campingladen im alten Bauernhof<\/li>\n<\/ul>\n<\/div>\n<div class=\"kolom2 standard-arrow\">\n<ul>\n<li>Streichelzoo, Spielwiese, Animation und Freizeitscheune<\/li>\n<li>Gepflegte und gut gewartete Anlagen<\/li>\n<li>Zahlreiche Freizeit- und Ausflugsm\u00f6glichkeiten auf dem Campingplatz und in der Umgebung<\/li>\n<\/ul>\n<\/div>\n<p>[\/vc_column_text][vc_raw_html]JTNDaW1nJTIwY2xhc3MlM0QlMjJ6d2V2ZW5kZWFmYmVlbGRpbmcyJTIyJTIwc3JjJTNEJTIyaHR0cHMlM0ElMkYlMkZ3d3cuaGVsZnRlcmthbXAubmwlMkZ3cC1jb250ZW50JTJGdXBsb2FkcyUyRjIwMTglMkYxMSUyRk1lbG9uX2JsdXJlZC5wbmclMjIlM0U=[\/vc_raw_html][vc_row_inner][vc_column_inner][vc_column_text]<\/p>\n<h2><\/h2>\n<h2>Wahlen Sie Ihre Unterkunft:<\/h2>\n<p>[\/vc_column_text][\/vc_column_inner][\/vc_row_inner][\/vc_column][vc_column width=&#8220;1\/2&#8243; offset=&#8220;vc_col-lg-4 vc_col-md-4 vc_col-xs-12&#8243;][vc_single_image image=&#8220;3365&#8243; img_size=&#8220;full&#8220; alignment=&#8220;center&#8220;][vc_column_text el_class=&#8220;accommodatieblok&#8220;]<\/p>\n<h2>Mobilheim<br \/>\n<span class=\"subtitel\">2-4 Personen<\/span><\/h2>\n<ul>\n<li style=\"text-align: left;\">Modern eingerichtetes Mobilheim<\/li>\n<li style=\"text-align: left;\">Eigene Dusche und WC<\/li>\n<li style=\"text-align: left;\">Betten, Decken und Kissen<\/li>\n<li style=\"text-align: left;\">TV, Kaffeemaschine und Wasserkocher<\/li>\n<li style=\"text-align: left;\">Eigenes Gartenset<\/li>\n<li style=\"text-align: left;\">Abschlie\u00dfbarer Fahrradschuppen mit Stromanschluss<\/li>\n<\/ul>\n<p><a class=\"custombutton\" href=\"https:\/\/www.helfterkamp.nl\/de\/unterk\u00fcnfte\/Mobilheim\/ \">Lesen Sie mehr<\/a>[\/vc_column_text][\/vc_column][vc_column width=&#8220;1\/2&#8243; offset=&#8220;vc_col-lg-4 vc_col-md-4 vc_col-xs-12&#8243;][vc_single_image image=&#8220;3365&#8243; img_size=&#8220;full&#8220; alignment=&#8220;center&#8220;][vc_column_text el_class=&#8220;accommodatieblok&#8220;]<\/p>\n<h2>Mobilheim XL<br \/>\n<span class=\"subtitel\">2-6 Personen<\/span><\/h2>\n<ul>\n<li style=\"text-align: left;\">Modern eingerichtetes Mobilheim<\/li>\n<li style=\"text-align: left;\">Eigene Dusche und WC<\/li>\n<li style=\"text-align: left;\">Betten, Decken und Kissen<\/li>\n<li style=\"text-align: left;\">TV, Kaffeemaschine und Wasserkocher<\/li>\n<li style=\"text-align: left;\">Eigenes Gartenset<\/li>\n<li style=\"text-align: left;\">Abschlie\u00dfbarer Fahrradschuppen mit Stromanschluss<\/li>\n<\/ul>\n<p><a class=\"custombutton\" href=\"https:\/\/www.helfterkamp.nl\/de\/unterk\u00fcnfte\/Mobilheim-xl\/ \">Lesen Sie mehr<\/a>[\/vc_column_text][\/vc_column][vc_column width=&#8220;1\/2&#8243; offset=&#8220;vc_col-lg-4 vc_col-md-4 vc_col-xs-12&#8243;][vc_single_image image=&#8220;3380&#8243; img_size=&#8220;full&#8220; alignment=&#8220;center&#8220;][vc_column_text el_class=&#8220;accommodatieblok&#8220;]<\/p>\n<h2>Ferienbungalow<br \/>\n<span class=\"subtitel\">2-6 Personen<\/span><\/h2>\n<ul>\n<li style=\"text-align: left;\">Gro\u00dfer, gepflegter Bungalow mit Garten<\/li>\n<li style=\"text-align: left;\">Kombi-Mikrowelle und Geschirrsp\u00fcler<\/li>\n<li style=\"text-align: left;\">Betten, Decken und Kissen<\/li>\n<li style=\"text-align: left;\">Gartenset und Picknicktisch<\/li>\n<li style=\"text-align: left;\">Abschlie\u00dfbarer Fahrradschuppen<br \/>\nmit Stromanschluss<br \/>\nmet elektra<\/li>\n<\/ul>\n<p><a class=\"custombutton\" href=\"https:\/\/www.helfterkamp.nl\/de\/unterk\u00fcnfte\/ferienbungalow\">Lesen Sie mehr<\/a>[\/vc_column_text][\/vc_column][vc_column width=&#8220;1\/2&#8243; offset=&#8220;vc_col-lg-4 vc_col-md-4 vc_col-xs-12&#8243;][vc_single_image image=&#8220;3223&#8243; img_size=&#8220;full&#8220; alignment=&#8220;center&#8220;][vc_column_text el_class=&#8220;accommodatieblok&#8220;]<\/p>\n<h2>Wohnwagen<br \/>\n<span class=\"subtitel\">2-5 Personen<\/span><\/h2>\n<ul>\n<li style=\"text-align: left;\">Gro\u00dfes Vorzelt mit Picknicktisch<\/li>\n<li style=\"text-align: left;\">Etagenbett f\u00fcr drei Kinder<\/li>\n<li style=\"text-align: left;\">Decken und Kissen<\/li>\n<li style=\"text-align: left;\">TV, Kaffeemaschine und Wasserkocher<\/li>\n<li style=\"text-align: left;\">Chemische Toilette und Sep-Key f\u00fcr Sanit\u00e4r mit Fu\u00dfbodenheizung<\/li>\n<\/ul>\n<p><a class=\"custombutton\" href=\"https:\/\/www.helfterkamp.nl\/de\/unterk\u00fcnfte\/wohnwagen\/ \">Lesen Sie mehr<\/a>[\/vc_column_text][\/vc_column][vc_column width=&#8220;1\/2&#8243; offset=&#8220;vc_col-lg-4 vc_col-md-4 vc_col-xs-12&#8243;][vc_single_image image=&#8220;3249&#8243; img_size=&#8220;full&#8220; alignment=&#8220;center&#8220;][vc_column_text el_class=&#8220;accommodatieblok&#8220;]<\/p>\n<h2>Camping-Stellplatz<br \/>\n<span class=\"subtitel\">F\u00fcr Zelt, Wohnwagen, Wohnmobil etc. <\/span><\/h2>\n<ul>\n<li style=\"text-align: left;\">Gro\u00dfz\u00fcgige Parzellen mit Stromanschluss und W-LAN<\/li>\n<li style=\"text-align: left;\">Campingwiesen mit und ohne Spielplatz<\/li>\n<li style=\"text-align: left;\">Haustiere willkommen, Freilaufgel\u00e4nde anwesend<\/li>\n<li style=\"text-align: left;\">Moderne, ger\u00e4umige Sanit\u00e4ranlagen mit Fu\u00dfbodenheizung<\/li>\n<li style=\"text-align: left;\">Entsorgungsstation und Grauwasserabfuhr<\/li>\n<li style=\"text-align: left;\">Rezeption mit Campingladen<\/li>\n<\/ul>\n<p><a class=\"custombutton\" href=\"https:\/\/www.helfterkamp.nl\/de\/camping\/\">Lesen Sie mehr<\/a>[\/vc_column_text][\/vc_column][vc_column width=&#8220;1\/2&#8243; offset=&#8220;vc_col-lg-4 vc_col-md-4 vc_col-xs-12&#8243;][vc_column_text el_class=&#8220;accommodatieblok plattegrondblok&#8220;]<\/p>\n<h2>Plattegrond<\/h2>\n<p><img loading=\"lazy\" decoding=\"async\" class=\"vc_single_image-img attachment-full\" src=\"https:\/\/www.helfterkamp.nl\/wp-content\/uploads\/2023\/02\/plattegrond.png\" alt=\"\" width=\"300\" height=\"165\" data-dt-location=\"https:\/\/www.helfterkamp.nl\/accommodaties\/attachment\/plattegrond-2\/\" \/><br \/>\n<a class=\"custombuttongroen\" href=\"https:\/\/www.helfterkamp.nl\/de\/lageplan\/\">Lageplan anzeigen<\/a><\/p>\n<p><a class=\"custombuttongroen\" href=\"https:\/\/www.helfterkamp.nl\/de\/service-und-freizeit\/\">Service und Freizeit<\/a>[\/vc_column_text][\/vc_column][\/vc_row][vc_row full_width=&#8220;stretch_row&#8220; gap=&#8220;30&#8243; el_class=&#8220;paddingtop50&#8243;][vc_column offset=&#8220;vc_col-lg-12 vc_col-md-12 vc_col-xs-12&#8243;][vc_column_text]<\/p>\n<h2>Impressionen:<\/h2>\n<p>[\/vc_column_text][vc_row_inner gap=&#8220;30&#8243;][vc_column_inner][vc_raw_html]JTNDaWZyYW1lJTIwd2lkdGglM0QlMjcxMDAlMjUlMjclMjBoZWlnaHQlM0QlMjc2MDBweCUyNyUyMGFsbG93ZnVsbHNjcmVlbiUyMHNyYyUzRCUyN2h0dHBzJTNBJTJGJTJGdG91cm1rci5jb20lMkZGMWpVb2E5N0FVJTI3JTNFJTNDJTJGaWZyYW1lJTNF[\/vc_raw_html][\/vc_column_inner][\/vc_row_inner][\/vc_column][\/vc_row][vc_row el_class=&#8220;virtueletoerbalk&#8220;][vc_column][vc_column_text el_class=&#8220;centered&#8220;]<\/p>\n<h2>Kommen Sie einfach einmal vorbei, wir zeigen Ihnen gerne was wir zu bieten haben!<\/h2>\n<p>[\/vc_column_text][\/vc_column][\/vc_row][vc_row full_width=&#8220;stretch_row&#8220; css=&#8220;.vc_custom_1548415852101{background-image: url(https:\/\/www.helfterkamp.nl\/wp-content\/uploads\/2023\/02\/De_Helfterkamp_keurmerk_background.jpg?id=392) !important;background-position: center !important;background-repeat: no-repeat !important;background-size: cover !important;}&#8220; el_class=&#8220;padding50&#8243;][vc_column][vc_column_text]<\/p>\n<h2 class=\"oranjeletters\">Gutesiegel auf die wir stolz sind<\/h2>\n<p>[\/vc_column_text]<style type=\"text\/css\" data-type=\"the7_shortcodes-inline-css\">.carousel-shortcode.carousel-shortcode-id-1d5ce1a77b9cd8b4b6bcf4fb7a958cbf.owl-carousel .owl-nav div {\n  width: 36px;\n  height: 36px;\n  border-radius: 0px;\n}\n.dt-arrow-border-on.carousel-shortcode.carousel-shortcode-id-1d5ce1a77b9cd8b4b6bcf4fb7a958cbf.owl-carousel .owl-nav div:not(:hover):before {\n  border-width: 0px;\n}\n.dt-arrow-hover-border-on.carousel-shortcode.carousel-shortcode-id-1d5ce1a77b9cd8b4b6bcf4fb7a958cbf.owl-carousel .owl-nav div:hover:after {\n  border-width: 0px;\n}\n.carousel-shortcode.carousel-shortcode-id-1d5ce1a77b9cd8b4b6bcf4fb7a958cbf.owl-carousel .owl-nav div.owl-prev {\n  top: calc(100% + 14px);\n  left: 50%;\n  transform: translateX(calc(-50% + -30px));\n}\n@media all and (-ms-high-contrast: none) {\n  .carousel-shortcode.carousel-shortcode-id-1d5ce1a77b9cd8b4b6bcf4fb7a958cbf.owl-carousel .owl-nav div.owl-prev {\n    transform: translateX(-50%);\n    margin-left: -30px;\n  }\n}\n.carousel-shortcode.carousel-shortcode-id-1d5ce1a77b9cd8b4b6bcf4fb7a958cbf.owl-carousel .owl-nav div.owl-prev i {\n  padding: 0px 0px 0px 0px;\n}\n.carousel-shortcode.carousel-shortcode-id-1d5ce1a77b9cd8b4b6bcf4fb7a958cbf.owl-carousel .owl-nav div.owl-next {\n  top: calc(100% + 14px);\n  left: 50%;\n  transform: translateX(calc(-50% + 30px));\n}\n@media all and (-ms-high-contrast: none) {\n  .carousel-shortcode.carousel-shortcode-id-1d5ce1a77b9cd8b4b6bcf4fb7a958cbf.owl-carousel .owl-nav div.owl-next {\n    transform: translateX(-50%);\n    margin-left: 30px;\n  }\n}\n.carousel-shortcode.carousel-shortcode-id-1d5ce1a77b9cd8b4b6bcf4fb7a958cbf.owl-carousel .owl-nav div.owl-next i {\n  padding: 0px 0px 0px 0px;\n}\n.carousel-shortcode.carousel-shortcode-id-1d5ce1a77b9cd8b4b6bcf4fb7a958cbf.owl-carousel .owl-nav i {\n  font-size: 18px;\n}\n.carousel-shortcode.carousel-shortcode-id-1d5ce1a77b9cd8b4b6bcf4fb7a958cbf.owl-carousel .owl-nav div:not(:hover) i,\n.carousel-shortcode.carousel-shortcode-id-1d5ce1a77b9cd8b4b6bcf4fb7a958cbf.owl-carousel .owl-nav div:not(:hover) i:before {\n  color: #ffffff;\n  background: none;\n}\n.carousel-shortcode.carousel-shortcode-id-1d5ce1a77b9cd8b4b6bcf4fb7a958cbf.owl-carousel .owl-nav div:hover i,\n.carousel-shortcode.carousel-shortcode-id-1d5ce1a77b9cd8b4b6bcf4fb7a958cbf.owl-carousel .owl-nav div:hover i:before {\n  color: rgba(255,255,255,0.75);\n  background: none;\n}\n.carousel-shortcode.carousel-shortcode-id-1d5ce1a77b9cd8b4b6bcf4fb7a958cbf .owl-dots {\n  top: calc(100% + 20px);\n  left: 50%;\n  transform: translateX(calc(-50% + 0px));\n}\n@media all and (-ms-high-contrast: none) {\n  .carousel-shortcode.carousel-shortcode-id-1d5ce1a77b9cd8b4b6bcf4fb7a958cbf .owl-dots {\n    transform: translateX(-50%);\n    margin-left: 0px;\n  }\n}\n.carousel-shortcode.carousel-shortcode-id-1d5ce1a77b9cd8b4b6bcf4fb7a958cbf .owl-dot {\n  width: 10px;\n  height: 10px;\n  margin: 0 8px;\n}\n@media screen and (max-width: 778px) {\n  .carousel-shortcode.carousel-shortcode-id-1d5ce1a77b9cd8b4b6bcf4fb7a958cbf.hide-arrows .owl-nav a {\n    display: none;\n  }\n}\n@media screen and (max-width: 778px) {\n  .carousel-shortcode.carousel-shortcode-id-1d5ce1a77b9cd8b4b6bcf4fb7a958cbf.reposition-arrows .owl-nav .owl-prev {\n    top: calc(100% + 14px);\n    left: 50%;\n    transform: translateX(calc(-50% + -18px));\n  }\n  .carousel-shortcode.carousel-shortcode-id-1d5ce1a77b9cd8b4b6bcf4fb7a958cbf.reposition-arrows .owl-nav .owl-next {\n    top: calc(100% + 14px);\n    left: 50%;\n    transform: translateX(calc(-50% + 18px));\n  }\n}\n@media screen and (max-width: 778px) and all and (-ms-high-contrast: none) {\n  .carousel-shortcode.carousel-shortcode-id-1d5ce1a77b9cd8b4b6bcf4fb7a958cbf.reposition-arrows .owl-nav .owl-prev {\n    transform: translateX(-50%);\n    margin-left: -18px;\n  }\n}\n@media screen and (max-width: 778px) and all and (-ms-high-contrast: none) {\n  .carousel-shortcode.carousel-shortcode-id-1d5ce1a77b9cd8b4b6bcf4fb7a958cbf.reposition-arrows .owl-nav .owl-next {\n    transform: translateX(-50%);\n    margin-left: 18px;\n  }\n}<\/style><div class=\"owl-carousel carousel-shortcode dt-owl-carousel-call carousel-shortcode-id-1d5ce1a77b9cd8b4b6bcf4fb7a958cbf bullets-small-dot-stroke reposition-arrows arrows-bg-on dt-arrow-border-on dt-arrow-hover-border-on disable-arrows-hover-bg arrows-hover-bg-on  \" data-scroll-mode=\"1\" data-col-num=\"4\" data-wide-col-num=\"6\" data-laptop-col=\"4\" data-h-tablet-columns-num=\"4\" data-v-tablet-columns-num=\"3\" data-phone-columns-num=\"3\" data-auto-height=\"true\" data-col-gap=\"30\" data-stage-padding=\"0\" data-speed=\"600\" data-autoplay=\"false\" data-autoplay_speed=\"6000\" data-arrows=\"true\" data-bullet=\"false\" data-next-icon=\"icon-ar-017-r\" data-prev-icon=\"icon-ar-017-l\">[vc_single_image image=&#8220;4278&#8243; img_size=&#8220;full&#8220; alignment=&#8220;center&#8220; onclick=&#8220;custom_link&#8220; img_link_target=&#8220;_blank&#8220; link=&#8220;https:\/\/www.anwbcamping.nl\/nederland\/gelderland\/camping-de-helfterkamp&#8220;][vc_single_image image=&#8220;4280&#8243; img_size=&#8220;full&#8220; alignment=&#8220;center&#8220; onclick=&#8220;custom_link&#8220; img_link_target=&#8220;_blank&#8220; link=&#8220;https:\/\/www.anwbcamping.nl\/nederland\/gelderland\/camping-de-helfterkamp&#8220;][vc_single_image image=&#8220;3506&#8243; img_size=&#8220;full&#8220; alignment=&#8220;center&#8220; onclick=&#8220;custom_link&#8220; img_link_target=&#8220;_blank&#8220; link=&#8220;https:\/\/www.anwbcamping.nl\/nederland\/gelderland\/camping-de-helfterkamp&#8220;][vc_single_image image=&#8220;3095&#8243; img_size=&#8220;full&#8220; alignment=&#8220;center&#8220; onclick=&#8220;custom_link&#8220; img_link_target=&#8220;_blank&#8220; link=&#8220;https:\/\/www.charmecamping.nl\/nederland\/gelderland\/veluwe\/camping-de-helfterkamp\/&#8220;][vc_single_image image=&#8220;3076&#8243; img_size=&#8220;full&#8220; alignment=&#8220;center&#8220; onclick=&#8220;custom_link&#8220; img_link_target=&#8220;_blank&#8220; link=&#8220;https:\/\/www.anwbcamping.nl\/nederland\/gelderland\/camping-de-helfterkamp&#8220;][vc_single_image image=&#8220;3266&#8243; img_size=&#8220;full&#8220; alignment=&#8220;center&#8220; onclick=&#8220;custom_link&#8220; img_link_target=&#8220;_blank&#8220; link=&#8220;https:\/\/www.kgc.nl\/&#8220;][vc_single_image image=&#8220;3068&#8243; img_size=&#8220;full&#8220; alignment=&#8220;center&#8220; onclick=&#8220;custom_link&#8220; img_link_target=&#8220;_blank&#8220; link=&#8220;https:\/\/www.eurocampings.nl\/nederland\/gelderland\/vaassen\/camping-de-helfterkamp-105619\/?l=region&#8220;][vc_single_image image=&#8220;3082&#8243; img_size=&#8220;full&#8220; alignment=&#8220;center&#8220; onclick=&#8220;custom_link&#8220; img_link_target=&#8220;_blank&#8220; link=&#8220;https:\/\/www.campingnavigator.com\/nl\/best-deal-camping-card\/&#8220;][vc_single_image image=&#8220;3066&#8243; img_size=&#8220;full&#8220; alignment=&#8220;center&#8220; onclick=&#8220;custom_link&#8220; img_link_target=&#8220;_blank&#8220; link=&#8220;https:\/\/vvvepe.nl\/&#8220;]<\/div>[\/vc_column][\/vc_row]<\/p>\n<\/div>","protected":false},"excerpt":{"rendered":"<p>[vc_row full_width=&#8220;stretch_row&#8220; gap=&#8220;30&#8243; el_class=&#8220;paddingbot50 halvecontentblok&#8220;][vc_column][vc_column_text] Gepflegte und komfortable Unterkunft mieten auf der niederlandischen Veluwe Ruhe, Gastfreundschaft und Gem\u00fctlichkeit \u2013 das ist das Erste, das Ihnen auff\u00e4llt, wenn Sie bei De Helfterkamp ankommen. Dazu kommen die wundersch\u00f6ne, waldreiche Umgebung, die gut gewarteten Campingwiesen und das ausgezeichnete Serviceangebot \u2013 was kann man sich noch mehr w\u00fcnschen? Welche&hellip;<\/p>\n","protected":false},"author":1,"featured_media":0,"parent":0,"menu_order":5,"comment_status":"closed","ping_status":"closed","template":"","meta":{"inline_featured_image":false,"footnotes":""},"class_list":["post-11475","page","type-page","status-publish","hentry","description-off"],"_links":{"self":[{"href":"https:\/\/www.helfterkamp.nl\/de\/wp-json\/wp\/v2\/pages\/11475","targetHints":{"allow":["GET"]}}],"collection":[{"href":"https:\/\/www.helfterkamp.nl\/de\/wp-json\/wp\/v2\/pages"}],"about":[{"href":"https:\/\/www.helfterkamp.nl\/de\/wp-json\/wp\/v2\/types\/page"}],"author":[{"embeddable":true,"href":"https:\/\/www.helfterkamp.nl\/de\/wp-json\/wp\/v2\/users\/1"}],"replies":[{"embeddable":true,"href":"https:\/\/www.helfterkamp.nl\/de\/wp-json\/wp\/v2\/comments?post=11475"}],"version-history":[{"count":0,"href":"https:\/\/www.helfterkamp.nl\/de\/wp-json\/wp\/v2\/pages\/11475\/revisions"}],"wp:attachment":[{"href":"https:\/\/www.helfterkamp.nl\/de\/wp-json\/wp\/v2\/media?parent=11475"}],"curies":[{"name":"wp","href":"https:\/\/api.w.org\/{rel}","templated":true}]}}